{"id":110,"date":"2020-11-24T08:57:24","date_gmt":"2020-11-24T11:57:24","guid":{"rendered":"http:\/\/www.horvitz.cl\/blog\/?page_id=110"},"modified":"2025-01-20T16:49:09","modified_gmt":"2025-01-20T19:49:09","slug":"daniela-horvitz","status":"publish","type":"page","link":"https:\/\/www.horvitz.cl\/?page_id=110","title":{"rendered":"Daniela Horvitz"},"content":{"rendered":"<div id=\"pl-110\"  class=\"panel-layout\" ><div id=\"pg-110-0\"  class=\"panel-grid panel-has-style\" ><div style=\"padding: 100px 0; \" data-overlay=\"true\" data-overlay-color=\"#000000\" class=\"panel-row-style panel-row-style-for-110-0\" ><div id=\"pgc-110-0-0\"  class=\"panel-grid-cell\" ><div id=\"panel-110-0-0-0\" class=\"so-panel widget widget_sow-image panel-first-child panel-last-child\" data-index=\"0\" ><div style=\"text-align: left;\" data-title-color=\"#443f3f\" data-headings-color=\"#443f3f\" class=\"panel-widget-style panel-widget-style-for-110-0-0-0\" ><div\n\t\t\t\n\t\t\tclass=\"so-widget-sow-image so-widget-sow-image-default-d6014b76747a-110\"\n\t\t\t\n\t\t>\n\n<div class=\"sow-image-container\">\n\t\t<img src=\"https:\/\/www.horvitz.cl\/wp-content\/uploads\/2024\/05\/Daniela-Horvitz-new.jpg\" width=\"600\" height=\"600\" srcset=\"https:\/\/www.horvitz.cl\/wp-content\/uploads\/2024\/05\/Daniela-Horvitz-new.jpg 600w, https:\/\/www.horvitz.cl\/wp-content\/uploads\/2024\/05\/Daniela-Horvitz-new-300x300.jpg 300w, https:\/\/www.horvitz.cl\/wp-content\/uploads\/2024\/05\/Daniela-Horvitz-new-150x150.jpg 150w, https:\/\/www.horvitz.cl\/wp-content\/uploads\/2024\/05\/Daniela-Horvitz-new-230x230.jpg 230w, https:\/\/www.horvitz.cl\/wp-content\/uploads\/2024\/05\/Daniela-Horvitz-new-350x350.jpg 350w, https:\/\/www.horvitz.cl\/wp-content\/uploads\/2024\/05\/Daniela-Horvitz-new-480x480.jpg 480w\" sizes=\"(max-width: 600px) 100vw, 600px\" alt=\"\" loading=\"lazy\" \t\tclass=\"so-widget-image\"\/>\n\t<\/div>\n\n<\/div><\/div><\/div><\/div><div id=\"pgc-110-0-1\"  class=\"panel-grid-cell\" ><div id=\"panel-110-0-1-0\" class=\"so-panel widget widget_sow-editor panel-first-child\" data-index=\"1\" ><div style=\"text-align: left;\" data-title-color=\"#443f3f\" data-headings-color=\"#443f3f\" class=\"panel-widget-style panel-widget-style-for-110-0-1-0\" ><div\n\t\t\t\n\t\t\tclass=\"so-widget-sow-editor so-widget-sow-editor-base\"\n\t\t\t\n\t\t>\n<div class=\"siteorigin-widget-tinymce textwidget\">\n\t<h4>DANIELA HORVITZ LENNON<\/h4>\n<p>Abogado graduada de la Universidad de Chile, recibi\u00f3 su t\u00edtulo de abogado de la Excma. Corte Suprema el a\u00f1o 1999. Ejerce como socia de Horvitz &amp; Cia. desde 2003.<\/p>\n<p>Posee estudios de postgrado en distintas materias, como: sistema legal norteamericano , teor\u00edas del derecho civil moderno, sistema procesal penal reformado, litigaci\u00f3n oral y recurso de protecci\u00f3n, entre otros. Cursados en Chile (Universidad de Chile, Pontificia Universidad Cat\u00f3lica, Universidad Diego Portales) y en el extranjero (Harvard University y California Western School of law).<\/p>\n<p>Se ha especializado en derecho de familia, habiendo sido elegida en la categor\u00eda de mejor abogada de familia de Chile por Leading Lawyers el a\u00f1o 2017, por Idealis el a\u00f1o 2019 y por Best Lawyers en 2020, 2021, 2022 y 2023.<\/p>\n<p>Ha realizado diversas ponencias, tanto a nivel nacional como internacional, en temas como: \u201cLas Empresas familiares y la insolvencia\u201d, \u201cLa indemnizaci\u00f3n por da\u00f1os en las relaciones de Familia\u201d, \u201cLa Compensaci\u00f3n econ\u00f3mica\u201d, \u201cLos ni\u00f1os frente al cambio de domicilio\u201d, \u201cNormativas de regulaci\u00f3n patrimonial en la vejez\u201d, \u201cColisi\u00f3n de Derechos en la dictaci\u00f3n de medidas cautelares\u201d, \u201cEl Divorcio. Situaci\u00f3n chilena y francesa\u201d, \u201cPaternidad subrogada en el Mercosur\u201d, \u201cProyectos de modificaci\u00f3n al r\u00e9gimen de la sociedad conyugal\u201d, \u201cDerecho de Familia y religi\u00f3n\u201d, \u201cDerecho de inmigraci\u00f3n y derecho de Familia\u201d, \u201c Regulaci\u00f3n internacional en protecci\u00f3n de adultos mayores\u201d, \u201cExcepci\u00f3n del art\u00edculo 13 b de la Convenci\u00f3n de la Haya\u201d, \"Tributaci\u00f3n en distintas materias de familia\", entre otras.<\/p>\n<p>Tiene publicaciones en Revista del Colegio de Abogados de Chile, en revista International Children Law de Jordan Pubishing y en libros \u201cFamily Law, a global guide from practical law\u201d de Thompson Reuters (desde 2015) \u201cderecho Comparado del r\u00e9gimen legal de bienes en el matrimonio\u201d de la Asociaci\u00f3n de Escribanos del Uruguay (2020) y \u201cFamily Law: Challenges and developments from an international perspective\u201d de Lexis Nexis (2020).<\/p>\n<p>Asimismo, ha organizado jornadas internacionales en Chile, como las Primeras Jornadas Internacionales de Derecho de Familia, Primera Jornada Chileno Argentina de Derecho de Familia y II Congreso Anual AIJUDEFA.<\/p>\n<p>Es miembro del Colegio de Abogados desde el a\u00f1o 1999, Fundadora y ex Presidenta (3 per\u00edodos) de la Asociaci\u00f3n de Abogados de Familia A.G. (AAF), miembro Asociaci\u00f3n Abogadas de Chile A.G., Ex Consultora de la Presidencia de la Uni\u00f3n Internacional de Abogados (UIA), miembro y former vice president of the family law commission de la American Bar Association (ABA), Fellow y Governor at large de International Academy of Family Lawyers (IAFL), Miembro de honor del Instituto Brasileiro de Dereito de Familia (IBDFAM), Miembro de la Societ\u00e9 Generale de Legislation Comparee, Ex Presidenta de la Asociaci\u00f3n internacional de Juristas de Familia (AIJUDEFA), Miembro de la NYC Bar Association, Miembro de Hispanic National Bar Association (HNBA), Miembro de ASIME y Miembro de la Red Chilena de investigadores en Derecho Procesal.<\/p>\n<p>Se ha desempe\u00f1ado como profesora invitada en materia de litigaci\u00f3n en Derecho de Familia en Universidad de Chile, Universidad Andr\u00e9s Bello, Universidad Adolfo Iba\u00f1ez y Universidad de Buenos Aires (UBA)<\/p>\n<p>Asisti\u00f3 al III Congreso Internacional de AIJUDEFA en Espa\u00f1a (2022) y Seminario AIJUDEFA en Brasil (2022), donde puso termino a su mandato como Presidenta de AIJUDEFA y rindi\u00f3 cuenta de sus dos a\u00f1os al mando de la organizaci\u00f3n. Como ex Presidenta, Daniela Horvitz, sigue siendo miembro de la Junta Directiva, y participar\u00e1 en la preparaci\u00f3n del Congreso Anual de AIJUDEFA que se llevar\u00e1 a cabo en Mexico en Junio 2023<\/p>\n<p>Junto a la abogada Libertad Trivi\u00f1o y a solicitud de Fundaci\u00f3n Datos Protegidos, representamos a 7 v\u00edctimas de delitos inform\u00e1ticos y amenazas. Estos delitos consistieron en la extracci\u00f3n y en la divulgaci\u00f3n de fotograf\u00edas \u00edntimas de al menos 19 mujeres. El acusado fue condenado a 4 a\u00f1os de prisi\u00f3n, lo que fue sustituido por libertad vigilada intensiva. \u00c9l deber\u00e1 mantenerse todo ese tiempo alejado de las v\u00edctimas de forma remota y presencial y someterse a terapia de impulsos sexuales entre otras medidas de cumplimiento.<\/p>\n<p>Ingres\u00f3 a la n\u00f3mina de \u00e1rbitros de la Iltma. Corte de Apelaciones de Santiago para el Bienio 2023-2024 y 2025-2026. Su nombre estar\u00e1 incluido en <a href=\"https:\/\/www.pjud.cl\/servicios\/jueces-arbitros\">listado de Jueces \u00c1rbitros que se encuentra publicado en la p\u00e1gina del Poder Judicial<\/a>.<\/p>\n<\/div>\n<\/div><\/div><\/div><div id=\"panel-110-0-1-1\" class=\"so-panel widget widget_sow-button panel-last-child\" data-index=\"2\" ><div style=\"text-align: left;\" data-title-color=\"#443f3f\" data-headings-color=\"#443f3f\" class=\"panel-widget-style panel-widget-style-for-110-0-1-1\" ><div\n\t\t\t\n\t\t\tclass=\"so-widget-sow-button so-widget-sow-button-wire-205c024dd60d-110\"\n\t\t\t\n\t\t><div class=\"ow-button-base ow-button-align-left\">\n\t<a href=\"https:\/\/www.horvitz.cl\/\" class=\"ow-icon-placement-top ow-button-hover\" \t\t>\n\t\t<span>\n\t\t\t\n\t\t\tVOLVER A LA P\u00c1GINA DE INICIO\t\t<\/span>\n\t<\/a>\n<\/div>\n<\/div><\/div><\/div><\/div><\/div><\/div><\/div>","protected":false},"excerpt":{"rendered":"<p>DANIELA HORVITZ LENNON Abogado graduada de la Universidad de Chile, recibi\u00f3 su [&hellip;]<\/p>\n","protected":false},"author":2,"featured_media":1165,"parent":0,"menu_order":0,"comment_status":"closed","ping_status":"closed","template":"page-templates\/page_front-page.php","meta":[],"_links":{"self":[{"href":"https:\/\/www.horvitz.cl\/index.php?rest_route=\/wp\/v2\/pages\/110"}],"collection":[{"href":"https:\/\/www.horvitz.cl\/index.php?rest_route=\/wp\/v2\/pages"}],"about":[{"href":"https:\/\/www.horvitz.cl\/index.php?rest_route=\/wp\/v2\/types\/page"}],"author":[{"embeddable":true,"href":"https:\/\/www.horvitz.cl\/index.php?rest_route=\/wp\/v2\/users\/2"}],"replies":[{"embeddable":true,"href":"https:\/\/www.horvitz.cl\/index.php?rest_route=%2Fwp%2Fv2%2Fcomments&post=110"}],"version-history":[{"count":39,"href":"https:\/\/www.horvitz.cl\/index.php?rest_route=\/wp\/v2\/pages\/110\/revisions"}],"predecessor-version":[{"id":1306,"href":"https:\/\/www.horvitz.cl\/index.php?rest_route=\/wp\/v2\/pages\/110\/revisions\/1306"}],"wp:featuredmedia":[{"embeddable":true,"href":"https:\/\/www.horvitz.cl\/index.php?rest_route=\/wp\/v2\/media\/1165"}],"wp:attachment":[{"href":"https:\/\/www.horvitz.cl\/index.php?rest_route=%2Fwp%2Fv2%2Fmedia&parent=110"}],"curies":[{"name":"wp","href":"https:\/\/api.w.org\/{rel}","templated":true}]}}