{"id":1109,"date":"2024-04-18T17:41:21","date_gmt":"2024-04-18T20:41:21","guid":{"rendered":"https:\/\/www.horvitz.cl\/?page_id=1109"},"modified":"2025-10-23T20:39:01","modified_gmt":"2025-10-23T23:39:01","slug":"matias-demetrio","status":"publish","type":"page","link":"https:\/\/www.horvitz.cl\/?page_id=1109","title":{"rendered":"Matias Demetrio Bravo"},"content":{"rendered":"<div id=\"pl-1109\"  class=\"panel-layout\" ><div id=\"pg-1109-0\"  class=\"panel-grid panel-has-style\" ><div style=\"padding: 100px 0; \" data-overlay=\"true\" data-overlay-color=\"#000000\" class=\"panel-row-style panel-row-style-for-1109-0\" ><div id=\"pgc-1109-0-0\"  class=\"panel-grid-cell\" ><div id=\"panel-1109-0-0-0\" class=\"so-panel widget widget_sow-image panel-first-child panel-last-child\" data-index=\"0\" ><div style=\"text-align: left;\" data-title-color=\"#443f3f\" data-headings-color=\"#443f3f\" class=\"panel-widget-style panel-widget-style-for-1109-0-0-0\" ><div\n\t\t\t\n\t\t\tclass=\"so-widget-sow-image so-widget-sow-image-default-d6014b76747a-1109\"\n\t\t\t\n\t\t>\n\n<div class=\"sow-image-container\">\n\t\t<img src=\"https:\/\/www.horvitz.cl\/wp-content\/uploads\/2024\/04\/Matias-Demetrio-new.jpg\" width=\"600\" height=\"600\" srcset=\"https:\/\/www.horvitz.cl\/wp-content\/uploads\/2024\/04\/Matias-Demetrio-new.jpg 600w, https:\/\/www.horvitz.cl\/wp-content\/uploads\/2024\/04\/Matias-Demetrio-new-300x300.jpg 300w, https:\/\/www.horvitz.cl\/wp-content\/uploads\/2024\/04\/Matias-Demetrio-new-150x150.jpg 150w, https:\/\/www.horvitz.cl\/wp-content\/uploads\/2024\/04\/Matias-Demetrio-new-230x230.jpg 230w, https:\/\/www.horvitz.cl\/wp-content\/uploads\/2024\/04\/Matias-Demetrio-new-350x350.jpg 350w, https:\/\/www.horvitz.cl\/wp-content\/uploads\/2024\/04\/Matias-Demetrio-new-480x480.jpg 480w\" sizes=\"(max-width: 600px) 100vw, 600px\" alt=\"\" loading=\"lazy\" \t\tclass=\"so-widget-image\"\/>\n\t<\/div>\n\n<\/div><\/div><\/div><\/div><div id=\"pgc-1109-0-1\"  class=\"panel-grid-cell\" ><div id=\"panel-1109-0-1-0\" class=\"so-panel widget widget_sow-editor panel-first-child\" data-index=\"1\" ><div style=\"text-align: left;\" data-title-color=\"#443f3f\" data-headings-color=\"#443f3f\" class=\"panel-widget-style panel-widget-style-for-1109-0-1-0\" ><div\n\t\t\t\n\t\t\tclass=\"so-widget-sow-editor so-widget-sow-editor-base\"\n\t\t\t\n\t\t>\n<div class=\"siteorigin-widget-tinymce textwidget\">\n\t<p class=\"p1\"><strong>MAT\u00cdAS DEMETRIO BRAVO<\/strong><\/p>\n<p class=\"p1\">Abogado de la Universidad Diego Portales en el a\u00f1o 2023, adem\u00e1s cuenta con licenciatura en Bachillerato de Ciencias Sociales y Humanidades; y un Diplomado de Honor en Pol\u00edticas P\u00fablicas con distinci\u00f3n m\u00e1xima.<span class=\"Apple-converted-space\">\u00a0<\/span><\/p>\n<p class=\"p2\">Sus \u00e1reas de pr\u00e1ctica se enfocan en derecho penal y derechos humanos.<\/p>\n<p class=\"p2\">Se desempe\u00f1a como procurador desde el a\u00f1o 2022 en el equipo penal de Horvitz &amp; C\u00eda. En paralelo durante el 2023 fue integrante de la Cl\u00ednica de Justicia Criminal de la Universidad Diego Portales, conociendo en su conjunto delitos sexuales y econ\u00f3micos.<\/p>\n<p class=\"p1\">Su tesis universitaria fue realizada<span class=\"Apple-converted-space\">\u00a0<\/span>en materia de derechos humanos. Adem\u00e1s, particip\u00f3 durante el 2023 como representante universitario en la Competencia en Litigaci\u00f3n Internacional con sede en la Universidad Alcal\u00e1 de Henares, Espa\u00f1a.<\/p>\n<p>&nbsp;<\/p>\n<\/div>\n<\/div><\/div><\/div><div id=\"panel-1109-0-1-1\" class=\"so-panel widget widget_sow-button panel-last-child\" data-index=\"2\" ><div style=\"text-align: left;\" data-title-color=\"#443f3f\" data-headings-color=\"#443f3f\" class=\"panel-widget-style panel-widget-style-for-1109-0-1-1\" ><div\n\t\t\t\n\t\t\tclass=\"so-widget-sow-button so-widget-sow-button-wire-205c024dd60d-1109\"\n\t\t\t\n\t\t><div class=\"ow-button-base ow-button-align-left\">\n\t<a href=\"https:\/\/www.horvitz.cl\/\" class=\"ow-icon-placement-top ow-button-hover\" \t\t>\n\t\t<span>\n\t\t\t\n\t\t\tVOLVER A LA P\u00c1GINA DE INICIO\t\t<\/span>\n\t<\/a>\n<\/div>\n<\/div><\/div><\/div><\/div><\/div><\/div><\/div>","protected":false},"excerpt":{"rendered":"<p>MAT\u00cdAS DEMETRIO BRAVO Abogado de la Universidad Diego Portales en el a\u00f1o [&hellip;]<\/p>\n","protected":false},"author":4,"featured_media":1077,"parent":0,"menu_order":0,"comment_status":"closed","ping_status":"closed","template":"page-templates\/page_front-page.php","meta":[],"_links":{"self":[{"href":"https:\/\/www.horvitz.cl\/index.php?rest_route=\/wp\/v2\/pages\/1109"}],"collection":[{"href":"https:\/\/www.horvitz.cl\/index.php?rest_route=\/wp\/v2\/pages"}],"about":[{"href":"https:\/\/www.horvitz.cl\/index.php?rest_route=\/wp\/v2\/types\/page"}],"author":[{"embeddable":true,"href":"https:\/\/www.horvitz.cl\/index.php?rest_route=\/wp\/v2\/users\/4"}],"replies":[{"embeddable":true,"href":"https:\/\/www.horvitz.cl\/index.php?rest_route=%2Fwp%2Fv2%2Fcomments&post=1109"}],"version-history":[{"count":13,"href":"https:\/\/www.horvitz.cl\/index.php?rest_route=\/wp\/v2\/pages\/1109\/revisions"}],"predecessor-version":[{"id":1409,"href":"https:\/\/www.horvitz.cl\/index.php?rest_route=\/wp\/v2\/pages\/1109\/revisions\/1409"}],"wp:featuredmedia":[{"embeddable":true,"href":"https:\/\/www.horvitz.cl\/index.php?rest_route=\/wp\/v2\/media\/1077"}],"wp:attachment":[{"href":"https:\/\/www.horvitz.cl\/index.php?rest_route=%2Fwp%2Fv2%2Fmedia&parent=1109"}],"curies":[{"name":"wp","href":"https:\/\/api.w.org\/{rel}","templated":true}]}}