{"id":122,"date":"2020-11-24T09:11:35","date_gmt":"2020-11-24T12:11:35","guid":{"rendered":"http:\/\/www.horvitz.cl\/blog\/?page_id=122"},"modified":"2024-05-30T15:25:16","modified_gmt":"2024-05-30T18:25:16","slug":"ana-bascunan","status":"publish","type":"page","link":"https:\/\/www.horvitz.cl\/?page_id=122","title":{"rendered":"Ana Bascu\u00f1an"},"content":{"rendered":"<div id=\"pl-122\"  class=\"panel-layout\" ><div id=\"pg-122-0\"  class=\"panel-grid panel-has-style\" ><div style=\"padding: 100px 0; \" data-overlay=\"true\" data-overlay-color=\"#000000\" class=\"panel-row-style panel-row-style-for-122-0\" ><div id=\"pgc-122-0-0\"  class=\"panel-grid-cell\" ><div id=\"panel-122-0-0-0\" class=\"so-panel widget widget_sow-image panel-first-child panel-last-child\" data-index=\"0\" ><div style=\"text-align: left;\" data-title-color=\"#443f3f\" data-headings-color=\"#443f3f\" class=\"panel-widget-style panel-widget-style-for-122-0-0-0\" ><div\n\t\t\t\n\t\t\tclass=\"so-widget-sow-image so-widget-sow-image-default-d6014b76747a-122\"\n\t\t\t\n\t\t>\n\n<div class=\"sow-image-container\">\n\t\t<img src=\"https:\/\/www.horvitz.cl\/wp-content\/uploads\/2024\/05\/Ana-Bascun\u0303an-new.jpg\" width=\"600\" height=\"600\" srcset=\"https:\/\/www.horvitz.cl\/wp-content\/uploads\/2024\/05\/Ana-Bascun\u0303an-new.jpg 600w, https:\/\/www.horvitz.cl\/wp-content\/uploads\/2024\/05\/Ana-Bascun\u0303an-new-300x300.jpg 300w, https:\/\/www.horvitz.cl\/wp-content\/uploads\/2024\/05\/Ana-Bascun\u0303an-new-150x150.jpg 150w, https:\/\/www.horvitz.cl\/wp-content\/uploads\/2024\/05\/Ana-Bascun\u0303an-new-230x230.jpg 230w, https:\/\/www.horvitz.cl\/wp-content\/uploads\/2024\/05\/Ana-Bascun\u0303an-new-350x350.jpg 350w, https:\/\/www.horvitz.cl\/wp-content\/uploads\/2024\/05\/Ana-Bascun\u0303an-new-480x480.jpg 480w\" sizes=\"(max-width: 600px) 100vw, 600px\" alt=\"\" loading=\"lazy\" \t\tclass=\"so-widget-image\"\/>\n\t<\/div>\n\n<\/div><\/div><\/div><\/div><div id=\"pgc-122-0-1\"  class=\"panel-grid-cell\" ><div id=\"panel-122-0-1-0\" class=\"so-panel widget widget_sow-editor panel-first-child\" data-index=\"1\" ><div style=\"text-align: left;\" data-title-color=\"#443f3f\" data-headings-color=\"#443f3f\" class=\"panel-widget-style panel-widget-style-for-122-0-1-0\" ><div\n\t\t\t\n\t\t\tclass=\"so-widget-sow-editor so-widget-sow-editor-base\"\n\t\t\t\n\t\t>\n<div class=\"siteorigin-widget-tinymce textwidget\">\n\t<h4>ANA BASCU\u00d1\u00c1N AYLWIN<\/h4>\n<p>Abogada, titulada de la Universidad Alberto Hurtado. Se integra el a\u00f1o 2011 al estudio Horvitz. Sus \u00e1reas de pr\u00e1cticas profesional son familia, litigaci\u00f3n, y asesor\u00edas en derecho de acceso a la informaci\u00f3n.<\/p>\n<p>Es diplomada en Litigaci\u00f3n y Nuevos Procedimientos de la Pontificia Universidad Cat\u00f3lica de Chile. Ha participado de diversas instancias de formaci\u00f3n como el Spring Meeting 2014 de la American Bar Association en Nueva York EEUU.<\/p>\n<p>Integrante del Colegio de Abogados de Chile y la Asociaci\u00f3n de Abogados de Familia de Chile.<\/p>\n<p>Se ha desempe\u00f1ado como ayudante de investigaci\u00f3n y consultora en Estudios Jur\u00eddicos, Fundaciones y Organismos Estatales. Fue directora del proyecto Vota Inteligente, de la Fundaci\u00f3n Ciudadano Inteligente.<\/p>\n<p>Ha participado en diversas publicaciones, como Claude Reyes y otros. Los efectos de un fallo de la Corte Interamericana de Derechos Humanos, Revista P\u00fablica Argentina, y La aplicaci\u00f3n de la Ley sobre acceso a la Informaci\u00f3n P\u00fablica en la obtenci\u00f3n de informaci\u00f3n sobre violaciones a los Derechos Humanos\u201d, Revista Alberto Hurtado.<\/p>\n<p>Ha expuesto en diversas instancias tales como en el postgrado en Diplomatura de Derecho de Familia organizado por la Universidad del Salvador.<\/p>\n<p>Asisti\u00f3 al III Congreso Internacional de AIJUDEFA en Espa\u00f1a (2022) y Seminario AIJUDEFA en Brasil (2022).<\/p>\n<p>&nbsp;<\/p>\n<\/div>\n<\/div><\/div><\/div><div id=\"panel-122-0-1-1\" class=\"so-panel widget widget_sow-button panel-last-child\" data-index=\"2\" ><div style=\"text-align: left;\" data-title-color=\"#443f3f\" data-headings-color=\"#443f3f\" class=\"panel-widget-style panel-widget-style-for-122-0-1-1\" ><div\n\t\t\t\n\t\t\tclass=\"so-widget-sow-button so-widget-sow-button-wire-205c024dd60d-122\"\n\t\t\t\n\t\t><div class=\"ow-button-base ow-button-align-left\">\n\t<a href=\"https:\/\/www.horvitz.cl\/\" class=\"ow-icon-placement-top ow-button-hover\" \t\t>\n\t\t<span>\n\t\t\t\n\t\t\tVOLVER A LA P\u00c1GINA DE INICIO\t\t<\/span>\n\t<\/a>\n<\/div>\n<\/div><\/div><\/div><\/div><\/div><\/div><\/div>","protected":false},"excerpt":{"rendered":"<p>ANA BASCU\u00d1\u00c1N AYLWIN Abogada, titulada de la Universidad Alberto Hurtado. Se integra [&hellip;]<\/p>\n","protected":false},"author":2,"featured_media":1160,"parent":0,"menu_order":0,"comment_status":"closed","ping_status":"closed","template":"page-templates\/page_front-page.php","meta":[],"_links":{"self":[{"href":"https:\/\/www.horvitz.cl\/index.php?rest_route=\/wp\/v2\/pages\/122"}],"collection":[{"href":"https:\/\/www.horvitz.cl\/index.php?rest_route=\/wp\/v2\/pages"}],"about":[{"href":"https:\/\/www.horvitz.cl\/index.php?rest_route=\/wp\/v2\/types\/page"}],"author":[{"embeddable":true,"href":"https:\/\/www.horvitz.cl\/index.php?rest_route=\/wp\/v2\/users\/2"}],"replies":[{"embeddable":true,"href":"https:\/\/www.horvitz.cl\/index.php?rest_route=%2Fwp%2Fv2%2Fcomments&post=122"}],"version-history":[{"count":20,"href":"https:\/\/www.horvitz.cl\/index.php?rest_route=\/wp\/v2\/pages\/122\/revisions"}],"predecessor-version":[{"id":1392,"href":"https:\/\/www.horvitz.cl\/index.php?rest_route=\/wp\/v2\/pages\/122\/revisions\/1392"}],"wp:featuredmedia":[{"embeddable":true,"href":"https:\/\/www.horvitz.cl\/index.php?rest_route=\/wp\/v2\/media\/1160"}],"wp:attachment":[{"href":"https:\/\/www.horvitz.cl\/index.php?rest_route=%2Fwp%2Fv2%2Fmedia&parent=122"}],"curies":[{"name":"wp","href":"https:\/\/api.w.org\/{rel}","templated":true}]}}