{"id":1330,"date":"2025-05-01T11:43:17","date_gmt":"2025-05-01T14:43:17","guid":{"rendered":"https:\/\/www.horvitz.cl\/?page_id=1330"},"modified":"2025-05-19T11:24:15","modified_gmt":"2025-05-19T14:24:15","slug":"maria-fernanda-lopez-leonelli","status":"publish","type":"page","link":"https:\/\/www.horvitz.cl\/?page_id=1330","title":{"rendered":"Mar\u00eda Fernanda L\u00f3pez Leonelli"},"content":{"rendered":"<div id=\"pl-gb1330-69e5e6ec0fa70\"  class=\"panel-layout\" ><div id=\"pg-gb1330-69e5e6ec0fa70-0\"  class=\"panel-grid panel-has-style\" ><div style=\"padding: 100px 0; \" data-overlay=\"true\" data-overlay-color=\"#000000\" class=\"panel-row-style panel-row-style-for-gb1330-69e5e6ec0fa70-0\" ><div id=\"pgc-gb1330-69e5e6ec0fa70-0-0\"  class=\"panel-grid-cell\" ><div id=\"panel-gb1330-69e5e6ec0fa70-0-0-0\" class=\"so-panel widget widget_sow-image panel-first-child panel-last-child\" data-index=\"0\" ><div style=\"text-align: left;\" data-title-color=\"#443f3f\" data-headings-color=\"#443f3f\" class=\"panel-widget-style panel-widget-style-for-gb1330-69e5e6ec0fa70-0-0-0\" ><div\n\t\t\t\n\t\t\tclass=\"so-widget-sow-image so-widget-sow-image-default-d6014b76747a-1330\"\n\t\t\t\n\t\t>\n\n<div class=\"sow-image-container\">\n\t\t<img src=\"https:\/\/www.horvitz.cl\/wp-content\/uploads\/2025\/05\/Maria-Fernanda-Lopez-Leonelli-min.jpeg\" width=\"600\" height=\"600\" srcset=\"https:\/\/www.horvitz.cl\/wp-content\/uploads\/2025\/05\/Maria-Fernanda-Lopez-Leonelli-min.jpeg 600w, https:\/\/www.horvitz.cl\/wp-content\/uploads\/2025\/05\/Maria-Fernanda-Lopez-Leonelli-min-300x300.jpeg 300w, https:\/\/www.horvitz.cl\/wp-content\/uploads\/2025\/05\/Maria-Fernanda-Lopez-Leonelli-min-150x150.jpeg 150w, https:\/\/www.horvitz.cl\/wp-content\/uploads\/2025\/05\/Maria-Fernanda-Lopez-Leonelli-min-230x230.jpeg 230w, https:\/\/www.horvitz.cl\/wp-content\/uploads\/2025\/05\/Maria-Fernanda-Lopez-Leonelli-min-350x350.jpeg 350w, https:\/\/www.horvitz.cl\/wp-content\/uploads\/2025\/05\/Maria-Fernanda-Lopez-Leonelli-min-480x480.jpeg 480w\" sizes=\"(max-width: 600px) 100vw, 600px\" alt=\"\" loading=\"lazy\" \t\tclass=\"so-widget-image\"\/>\n\t<\/div>\n\n<\/div><\/div><\/div><\/div><div id=\"pgc-gb1330-69e5e6ec0fa70-0-1\"  class=\"panel-grid-cell\" ><div id=\"panel-gb1330-69e5e6ec0fa70-0-1-0\" class=\"so-panel widget widget_sow-editor panel-first-child\" data-index=\"1\" ><div style=\"text-align: left;\" data-title-color=\"#443f3f\" data-headings-color=\"#443f3f\" class=\"panel-widget-style panel-widget-style-for-gb1330-69e5e6ec0fa70-0-1-0\" ><div\n\t\t\t\n\t\t\tclass=\"so-widget-sow-editor so-widget-sow-editor-base\"\n\t\t\t\n\t\t>\n<div class=\"siteorigin-widget-tinymce textwidget\">\n\t<h4>MAR\u00cdA FERNANDA L\u00d3PEZ LEONELLI<\/h4>\n<p>Abogada titulada el 2025, licenciada en derecho de la Universidad Adolfo Ib\u00e1\u00f1ez.<\/p>\n<p>Realiz\u00f3 su pr\u00e1ctica profesional en la Unidad de Corte Suprema y Tribunal Constitucional de la Defensor\u00eda Penal P\u00fablica, aprobada con distinci\u00f3n m\u00e1xima.<\/p>\n<p>Anteriormente trabaj\u00f3 como asociada en el \u00e1rea de Compliance del estudio jur\u00eddico Winter Etcheberry y como procuradora en el \u00e1rea laboral de una empresa privada. Tambi\u00e9n realiz\u00f3 una pasant\u00eda en la Fundaci\u00f3n M\u00e1s \u00c1frica.<\/p>\n<p>Idiomas: Ingl\u00e9s, certificado obtenido en curso de Ingl\u00e9s realizado en escuela de idiomas ILSC en Sydney, Australia (2023).<\/p>\n<p>Pr\u00f3xima a iniciar Diplomado en Derecho Procesal Penal avanzado y Litigaci\u00f3n Penal en la Universidad Cat\u00f3lica<\/p>\n<p>Sus \u00e1reas de inter\u00e9s son Derecho Penal y G\u00e9nero, actualmente se desempe\u00f1a en Derecho de Familia y Derecho Penal.<\/p>\n<\/div>\n<\/div><\/div><\/div><div id=\"panel-gb1330-69e5e6ec0fa70-0-1-1\" class=\"so-panel widget widget_sow-button panel-last-child\" data-index=\"2\" ><div style=\"text-align: left;\" data-title-color=\"#443f3f\" data-headings-color=\"#443f3f\" class=\"panel-widget-style panel-widget-style-for-gb1330-69e5e6ec0fa70-0-1-1\" ><div\n\t\t\t\n\t\t\tclass=\"so-widget-sow-button so-widget-sow-button-wire-205c024dd60d-1330\"\n\t\t\t\n\t\t><div class=\"ow-button-base ow-button-align-left\">\n\t<a href=\"https:\/\/www.horvitz.cl\/\" class=\"ow-icon-placement-top ow-button-hover\" \t\t>\n\t\t<span>\n\t\t\t\n\t\t\tVOLVER A LA P\u00c1GINA DE INICIO\t\t<\/span>\n\t<\/a>\n<\/div>\n<\/div><\/div><\/div><\/div><\/div><\/div><\/div>","protected":false},"excerpt":{"rendered":"<p>MAR\u00cdA FERNANDA L\u00d3PEZ LEONELLI Abogada titulada el 2025, licenciada en derecho de [&hellip;]<\/p>\n","protected":false},"author":4,"featured_media":0,"parent":0,"menu_order":0,"comment_status":"closed","ping_status":"closed","template":"page-templates\/page_front-page.php","meta":[],"_links":{"self":[{"href":"https:\/\/www.horvitz.cl\/index.php?rest_route=\/wp\/v2\/pages\/1330"}],"collection":[{"href":"https:\/\/www.horvitz.cl\/index.php?rest_route=\/wp\/v2\/pages"}],"about":[{"href":"https:\/\/www.horvitz.cl\/index.php?rest_route=\/wp\/v2\/types\/page"}],"author":[{"embeddable":true,"href":"https:\/\/www.horvitz.cl\/index.php?rest_route=\/wp\/v2\/users\/4"}],"replies":[{"embeddable":true,"href":"https:\/\/www.horvitz.cl\/index.php?rest_route=%2Fwp%2Fv2%2Fcomments&post=1330"}],"version-history":[{"count":3,"href":"https:\/\/www.horvitz.cl\/index.php?rest_route=\/wp\/v2\/pages\/1330\/revisions"}],"predecessor-version":[{"id":1347,"href":"https:\/\/www.horvitz.cl\/index.php?rest_route=\/wp\/v2\/pages\/1330\/revisions\/1347"}],"wp:attachment":[{"href":"https:\/\/www.horvitz.cl\/index.php?rest_route=%2Fwp%2Fv2%2Fmedia&parent=1330"}],"curies":[{"name":"wp","href":"https:\/\/api.w.org\/{rel}","templated":true}]}}