{"id":1338,"date":"2025-05-01T12:50:19","date_gmt":"2025-05-01T15:50:19","guid":{"rendered":"https:\/\/www.horvitz.cl\/?page_id=1338"},"modified":"2025-05-01T12:50:20","modified_gmt":"2025-05-01T15:50:20","slug":"catalina-manterola-retamal","status":"publish","type":"page","link":"https:\/\/www.horvitz.cl\/?page_id=1338","title":{"rendered":"Catalina Manterola Retamal"},"content":{"rendered":"<div id=\"pl-gb1338-69e6668d7aa20\"  class=\"panel-layout\" ><div id=\"pg-gb1338-69e6668d7aa20-0\"  class=\"panel-grid panel-has-style\" ><div style=\"padding: 100px 0; \" data-overlay=\"true\" data-overlay-color=\"#000000\" class=\"panel-row-style panel-row-style-for-gb1338-69e6668d7aa20-0\" ><div id=\"pgc-gb1338-69e6668d7aa20-0-0\"  class=\"panel-grid-cell\" ><div id=\"panel-gb1338-69e6668d7aa20-0-0-0\" class=\"so-panel widget widget_sow-image panel-first-child panel-last-child\" data-index=\"0\" ><div style=\"text-align: left;\" data-title-color=\"#443f3f\" data-headings-color=\"#443f3f\" class=\"panel-widget-style panel-widget-style-for-gb1338-69e6668d7aa20-0-0-0\" ><div\n\t\t\t\n\t\t\tclass=\"so-widget-sow-image so-widget-sow-image-default-d6014b76747a-1338\"\n\t\t\t\n\t\t>\n\n<div class=\"sow-image-container\">\n\t\t<img src=\"https:\/\/www.horvitz.cl\/wp-content\/uploads\/2025\/05\/Catalina-Manterola-Retamal-min-scaled.jpg\" width=\"2560\" height=\"2560\" srcset=\"https:\/\/www.horvitz.cl\/wp-content\/uploads\/2025\/05\/Catalina-Manterola-Retamal-min-scaled.jpg 2560w, https:\/\/www.horvitz.cl\/wp-content\/uploads\/2025\/05\/Catalina-Manterola-Retamal-min-300x300.jpg 300w, https:\/\/www.horvitz.cl\/wp-content\/uploads\/2025\/05\/Catalina-Manterola-Retamal-min-1024x1024.jpg 1024w, https:\/\/www.horvitz.cl\/wp-content\/uploads\/2025\/05\/Catalina-Manterola-Retamal-min-150x150.jpg 150w, https:\/\/www.horvitz.cl\/wp-content\/uploads\/2025\/05\/Catalina-Manterola-Retamal-min-768x768.jpg 768w, https:\/\/www.horvitz.cl\/wp-content\/uploads\/2025\/05\/Catalina-Manterola-Retamal-min-1536x1536.jpg 1536w, https:\/\/www.horvitz.cl\/wp-content\/uploads\/2025\/05\/Catalina-Manterola-Retamal-min-2048x2048.jpg 2048w, https:\/\/www.horvitz.cl\/wp-content\/uploads\/2025\/05\/Catalina-Manterola-Retamal-min-920x920.jpg 920w, https:\/\/www.horvitz.cl\/wp-content\/uploads\/2025\/05\/Catalina-Manterola-Retamal-min-230x230.jpg 230w, https:\/\/www.horvitz.cl\/wp-content\/uploads\/2025\/05\/Catalina-Manterola-Retamal-min-350x350.jpg 350w, https:\/\/www.horvitz.cl\/wp-content\/uploads\/2025\/05\/Catalina-Manterola-Retamal-min-480x480.jpg 480w\" sizes=\"(max-width: 2560px) 100vw, 2560px\" alt=\"\" loading=\"lazy\" \t\tclass=\"so-widget-image\"\/>\n\t<\/div>\n\n<\/div><\/div><\/div><\/div><div id=\"pgc-gb1338-69e6668d7aa20-0-1\"  class=\"panel-grid-cell\" ><div id=\"panel-gb1338-69e6668d7aa20-0-1-0\" class=\"so-panel widget widget_sow-editor panel-first-child\" data-index=\"1\" ><div style=\"text-align: left;\" data-title-color=\"#443f3f\" data-headings-color=\"#443f3f\" class=\"panel-widget-style panel-widget-style-for-gb1338-69e6668d7aa20-0-1-0\" ><div\n\t\t\t\n\t\t\tclass=\"so-widget-sow-editor so-widget-sow-editor-base\"\n\t\t\t\n\t\t>\n<div class=\"siteorigin-widget-tinymce textwidget\">\n\t<h4>CATALINA MANTEROLA RETAMAL<\/h4>\n<p>Abogada, Licenciada en Ciencias Jur\u00eddicas de la Pontificia Universidad Cat\u00f3lica de Valpara\u00edso (2022).<br \/>\nAdjudicataria de la Beca In\u00e9s Pardo para diplomados de la PUCV (2024).<br \/>\nDiplomado en Derecho de Familia de la Pontificia Universidad Cat\u00f3lica de Valpara\u00edso (2024).<br \/>\nDurante su trayectoria universitaria fue ayudante del departamento de Derecho Procesal Civil (2017-2020).<\/p>\n<p>Realiz\u00f3 su pr\u00e1ctica profesional en el Servicio Nacional de Menores (hoy Mejor Ni\u00f1ez) particularmente en la Unidad de Adopci\u00f3n (2021).<\/p>\n<p>Realiz\u00f3 pasant\u00eda profesional en el estudio Bont\u00e1 R\u00edos Reinoso (2019).<br \/>\nDurante los primeros a\u00f1os de su carrera se desempe\u00f1\u00f3 como proveedora de diversos tribunales de Familia y Civiles de la jurisdicci\u00f3n de la Corte de Valpara\u00edso (2021-2022).<\/p>\n<p>Previo a Horvitz, se desempe\u00f1\u00f3 como abogada asociada del estudio Espejo y Correa Abogados enfocando su pr\u00e1ctica en el \u00e1rea de litigios civiles, consumidor, laborales, y de familia (2023-2025).<\/p>\n<p>Actualmente su \u00e1rea de pr\u00e1ctica est\u00e1 enfocada en la litigaci\u00f3n en derecho de familia e infancia.<\/p>\n<p>Idiomas: italiano (Avanzado) e Ingl\u00e9s (Avanzado).<\/p>\n<p>&nbsp;<\/p>\n<\/div>\n<\/div><\/div><\/div><div id=\"panel-gb1338-69e6668d7aa20-0-1-1\" class=\"so-panel widget widget_sow-button panel-last-child\" data-index=\"2\" ><div style=\"text-align: left;\" data-title-color=\"#443f3f\" data-headings-color=\"#443f3f\" class=\"panel-widget-style panel-widget-style-for-gb1338-69e6668d7aa20-0-1-1\" ><div\n\t\t\t\n\t\t\tclass=\"so-widget-sow-button so-widget-sow-button-wire-205c024dd60d-1338\"\n\t\t\t\n\t\t><div class=\"ow-button-base ow-button-align-left\">\n\t<a href=\"https:\/\/www.horvitz.cl\/\" class=\"ow-icon-placement-top ow-button-hover\" \t\t>\n\t\t<span>\n\t\t\t\n\t\t\tVOLVER A LA P\u00c1GINA DE INICIO\t\t<\/span>\n\t<\/a>\n<\/div>\n<\/div><\/div><\/div><\/div><\/div><\/div><\/div>","protected":false},"excerpt":{"rendered":"<p>CATALINA MANTEROLA RETAMAL Abogada, Licenciada en Ciencias Jur\u00eddicas de la Pontificia Universidad [&hellip;]<\/p>\n","protected":false},"author":4,"featured_media":0,"parent":0,"menu_order":0,"comment_status":"closed","ping_status":"closed","template":"page-templates\/page_front-page.php","meta":[],"_links":{"self":[{"href":"https:\/\/www.horvitz.cl\/index.php?rest_route=\/wp\/v2\/pages\/1338"}],"collection":[{"href":"https:\/\/www.horvitz.cl\/index.php?rest_route=\/wp\/v2\/pages"}],"about":[{"href":"https:\/\/www.horvitz.cl\/index.php?rest_route=\/wp\/v2\/types\/page"}],"author":[{"embeddable":true,"href":"https:\/\/www.horvitz.cl\/index.php?rest_route=\/wp\/v2\/users\/4"}],"replies":[{"embeddable":true,"href":"https:\/\/www.horvitz.cl\/index.php?rest_route=%2Fwp%2Fv2%2Fcomments&post=1338"}],"version-history":[{"count":3,"href":"https:\/\/www.horvitz.cl\/index.php?rest_route=\/wp\/v2\/pages\/1338\/revisions"}],"predecessor-version":[{"id":1342,"href":"https:\/\/www.horvitz.cl\/index.php?rest_route=\/wp\/v2\/pages\/1338\/revisions\/1342"}],"wp:attachment":[{"href":"https:\/\/www.horvitz.cl\/index.php?rest_route=%2Fwp%2Fv2%2Fmedia&parent=1338"}],"curies":[{"name":"wp","href":"https:\/\/api.w.org\/{rel}","templated":true}]}}