{"id":1388,"date":"2025-10-18T11:55:13","date_gmt":"2025-10-18T14:55:13","guid":{"rendered":"https:\/\/www.horvitz.cl\/?page_id=1388"},"modified":"2025-10-18T11:55:14","modified_gmt":"2025-10-18T14:55:14","slug":"luz-maria-reyes-la-torre","status":"publish","type":"page","link":"https:\/\/www.horvitz.cl\/?page_id=1388","title":{"rendered":"Luz Mar\u00eda Reyes La Torre"},"content":{"rendered":"<div id=\"pl-gb1388-69e605f9cc9a7\"  class=\"panel-layout\" ><div id=\"pg-gb1388-69e605f9cc9a7-0\"  class=\"panel-grid panel-has-style\" ><div style=\"padding: 100px 0; \" data-overlay=\"true\" data-overlay-color=\"#000000\" class=\"panel-row-style panel-row-style-for-gb1388-69e605f9cc9a7-0\" ><div id=\"pgc-gb1388-69e605f9cc9a7-0-0\"  class=\"panel-grid-cell\" ><div id=\"panel-gb1388-69e605f9cc9a7-0-0-0\" class=\"so-panel widget widget_sow-image panel-first-child panel-last-child\" data-index=\"0\" ><div style=\"text-align: left;\" data-title-color=\"#443f3f\" data-headings-color=\"#443f3f\" class=\"panel-widget-style panel-widget-style-for-gb1388-69e605f9cc9a7-0-0-0\" ><div\n\t\t\t\n\t\t\tclass=\"so-widget-sow-image so-widget-sow-image-default-d6014b76747a-1388\"\n\t\t\t\n\t\t>\n\n<div class=\"sow-image-container\">\n\t\t<img src=\"https:\/\/www.horvitz.cl\/wp-content\/uploads\/2025\/10\/Luz-Mari\u0301a-Reyes-La-Torre-Horvitz-Abogados.jpg\" width=\"600\" height=\"600\" srcset=\"https:\/\/www.horvitz.cl\/wp-content\/uploads\/2025\/10\/Luz-Mari\u0301a-Reyes-La-Torre-Horvitz-Abogados.jpg 600w, https:\/\/www.horvitz.cl\/wp-content\/uploads\/2025\/10\/Luz-Mari\u0301a-Reyes-La-Torre-Horvitz-Abogados-300x300.jpg 300w, https:\/\/www.horvitz.cl\/wp-content\/uploads\/2025\/10\/Luz-Mari\u0301a-Reyes-La-Torre-Horvitz-Abogados-150x150.jpg 150w, https:\/\/www.horvitz.cl\/wp-content\/uploads\/2025\/10\/Luz-Mari\u0301a-Reyes-La-Torre-Horvitz-Abogados-230x230.jpg 230w, https:\/\/www.horvitz.cl\/wp-content\/uploads\/2025\/10\/Luz-Mari\u0301a-Reyes-La-Torre-Horvitz-Abogados-350x350.jpg 350w, https:\/\/www.horvitz.cl\/wp-content\/uploads\/2025\/10\/Luz-Mari\u0301a-Reyes-La-Torre-Horvitz-Abogados-480x480.jpg 480w\" sizes=\"(max-width: 600px) 100vw, 600px\" alt=\"\" loading=\"lazy\" \t\tclass=\"so-widget-image\"\/>\n\t<\/div>\n\n<\/div><\/div><\/div><\/div><div id=\"pgc-gb1388-69e605f9cc9a7-0-1\"  class=\"panel-grid-cell\" ><div id=\"panel-gb1388-69e605f9cc9a7-0-1-0\" class=\"so-panel widget widget_sow-editor panel-first-child\" data-index=\"1\" ><div style=\"text-align: left;\" data-title-color=\"#443f3f\" data-headings-color=\"#443f3f\" class=\"panel-widget-style panel-widget-style-for-gb1388-69e605f9cc9a7-0-1-0\" ><div\n\t\t\t\n\t\t\tclass=\"so-widget-sow-editor so-widget-sow-editor-base\"\n\t\t\t\n\t\t>\n<div class=\"siteorigin-widget-tinymce textwidget\">\n\t<h4>LUZ MAR\u00cdA REYES LA TORRE<\/h4>\n<p>Abogada titulada el 2025, licenciada en Derecho de la Universidad Adolfo Ib\u00e1\u00f1ez.<\/p>\n<p>Durante sus a\u00f1os de formaci\u00f3n, se desempe\u00f1\u00f3 como Ayudante de Derecho Constitucional (2020) y Derecho Comercial (2021).<\/p>\n<p>Realiz\u00f3 su pr\u00e1ctica profesional en la Corporaci\u00f3n de Asistencia Judicial de Vi\u00f1a del Mar, secci\u00f3n familia (2024).<\/p>\n<p>Sus \u00e1reas de pr\u00e1ctica se enfocan en Derecho de Familia e Infancia y Adolescencia, as\u00ed como tambi\u00e9n en Derecho Civil.<\/p>\n<p>&nbsp;<\/p>\n<\/div>\n<\/div><\/div><\/div><div id=\"panel-gb1388-69e605f9cc9a7-0-1-1\" class=\"so-panel widget widget_sow-button panel-last-child\" data-index=\"2\" ><div style=\"text-align: left;\" data-title-color=\"#443f3f\" data-headings-color=\"#443f3f\" class=\"panel-widget-style panel-widget-style-for-gb1388-69e605f9cc9a7-0-1-1\" ><div\n\t\t\t\n\t\t\tclass=\"so-widget-sow-button so-widget-sow-button-wire-205c024dd60d-1388\"\n\t\t\t\n\t\t><div class=\"ow-button-base ow-button-align-left\">\n\t<a href=\"https:\/\/www.horvitz.cl\/\" class=\"ow-icon-placement-top ow-button-hover\" \t\t>\n\t\t<span>\n\t\t\t\n\t\t\tVOLVER A LA P\u00c1GINA DE INICIO\t\t<\/span>\n\t<\/a>\n<\/div>\n<\/div><\/div><\/div><\/div><\/div><\/div><\/div>","protected":false},"excerpt":{"rendered":"<p>LUZ MAR\u00cdA REYES LA TORRE Abogada titulada el 2025, licenciada en Derecho [&hellip;]<\/p>\n","protected":false},"author":4,"featured_media":1389,"parent":0,"menu_order":0,"comment_status":"closed","ping_status":"closed","template":"page-templates\/page_front-page.php","meta":[],"_links":{"self":[{"href":"https:\/\/www.horvitz.cl\/index.php?rest_route=\/wp\/v2\/pages\/1388"}],"collection":[{"href":"https:\/\/www.horvitz.cl\/index.php?rest_route=\/wp\/v2\/pages"}],"about":[{"href":"https:\/\/www.horvitz.cl\/index.php?rest_route=\/wp\/v2\/types\/page"}],"author":[{"embeddable":true,"href":"https:\/\/www.horvitz.cl\/index.php?rest_route=\/wp\/v2\/users\/4"}],"replies":[{"embeddable":true,"href":"https:\/\/www.horvitz.cl\/index.php?rest_route=%2Fwp%2Fv2%2Fcomments&post=1388"}],"version-history":[{"count":2,"href":"https:\/\/www.horvitz.cl\/index.php?rest_route=\/wp\/v2\/pages\/1388\/revisions"}],"predecessor-version":[{"id":1391,"href":"https:\/\/www.horvitz.cl\/index.php?rest_route=\/wp\/v2\/pages\/1388\/revisions\/1391"}],"wp:featuredmedia":[{"embeddable":true,"href":"https:\/\/www.horvitz.cl\/index.php?rest_route=\/wp\/v2\/media\/1389"}],"wp:attachment":[{"href":"https:\/\/www.horvitz.cl\/index.php?rest_route=%2Fwp%2Fv2%2Fmedia&parent=1388"}],"curies":[{"name":"wp","href":"https:\/\/api.w.org\/{rel}","templated":true}]}}