{"id":1393,"date":"2025-10-18T11:57:28","date_gmt":"2025-10-18T14:57:28","guid":{"rendered":"https:\/\/www.horvitz.cl\/?page_id=1393"},"modified":"2025-10-21T13:31:07","modified_gmt":"2025-10-21T16:31:07","slug":"valentina-pino","status":"publish","type":"page","link":"https:\/\/www.horvitz.cl\/?page_id=1393","title":{"rendered":"Valentina Pino Pardo"},"content":{"rendered":"<div id=\"pl-gb1393-69e647ad1b121\"  class=\"panel-layout\" ><div id=\"pg-gb1393-69e647ad1b121-0\"  class=\"panel-grid panel-has-style\" ><div style=\"padding: 100px 0; \" data-overlay=\"true\" data-overlay-color=\"#000000\" class=\"panel-row-style panel-row-style-for-gb1393-69e647ad1b121-0\" ><div id=\"pgc-gb1393-69e647ad1b121-0-0\"  class=\"panel-grid-cell\" ><div id=\"panel-gb1393-69e647ad1b121-0-0-0\" class=\"so-panel widget widget_sow-image panel-first-child panel-last-child\" data-index=\"0\" ><div style=\"text-align: left;\" data-title-color=\"#443f3f\" data-headings-color=\"#443f3f\" class=\"panel-widget-style panel-widget-style-for-gb1393-69e647ad1b121-0-0-0\" ><div\n\t\t\t\n\t\t\tclass=\"so-widget-sow-image so-widget-sow-image-default-d6014b76747a-1393\"\n\t\t\t\n\t\t>\n\n<div class=\"sow-image-container\">\n\t\t<img src=\"https:\/\/www.horvitz.cl\/wp-content\/uploads\/2025\/10\/Valentina-Pino-Horvitz-Abogados.jpg\" width=\"600\" height=\"600\" srcset=\"https:\/\/www.horvitz.cl\/wp-content\/uploads\/2025\/10\/Valentina-Pino-Horvitz-Abogados.jpg 600w, https:\/\/www.horvitz.cl\/wp-content\/uploads\/2025\/10\/Valentina-Pino-Horvitz-Abogados-300x300.jpg 300w, https:\/\/www.horvitz.cl\/wp-content\/uploads\/2025\/10\/Valentina-Pino-Horvitz-Abogados-150x150.jpg 150w, https:\/\/www.horvitz.cl\/wp-content\/uploads\/2025\/10\/Valentina-Pino-Horvitz-Abogados-230x230.jpg 230w, https:\/\/www.horvitz.cl\/wp-content\/uploads\/2025\/10\/Valentina-Pino-Horvitz-Abogados-350x350.jpg 350w, https:\/\/www.horvitz.cl\/wp-content\/uploads\/2025\/10\/Valentina-Pino-Horvitz-Abogados-480x480.jpg 480w\" sizes=\"(max-width: 600px) 100vw, 600px\" alt=\"\" loading=\"lazy\" \t\tclass=\"so-widget-image\"\/>\n\t<\/div>\n\n<\/div><\/div><\/div><\/div><div id=\"pgc-gb1393-69e647ad1b121-0-1\"  class=\"panel-grid-cell\" ><div id=\"panel-gb1393-69e647ad1b121-0-1-0\" class=\"so-panel widget widget_sow-editor panel-first-child\" data-index=\"1\" ><div style=\"text-align: left;\" data-title-color=\"#443f3f\" data-headings-color=\"#443f3f\" class=\"panel-widget-style panel-widget-style-for-gb1393-69e647ad1b121-0-1-0\" ><div\n\t\t\t\n\t\t\tclass=\"so-widget-sow-editor so-widget-sow-editor-base\"\n\t\t\t\n\t\t>\n<div class=\"siteorigin-widget-tinymce textwidget\">\n\t<h4>VALENTINA PINO PARDO<\/h4>\n<p>Abogada. Licenciada en Derecho de la Universidad Diego Portales con distinci\u00f3n.<\/p>\n<p>Realiz\u00f3 su pr\u00e1ctica profesional en el \u00e1rea de derecho de familia de la Corporaci\u00f3n de Asistencia Judicial de Cerrillos, haci\u00e9ndose cargo de m\u00e1s de 60 causas de divorcio, alimentos, vulneraci\u00f3n de derechos, entre otras materias. Anteriormente se desempe\u00f1\u00f3 como procuradora del \u00e1rea de derecho civil en Hermosilla y C\u00eda. (2022-2023). Durante su trayectoria universitaria fue integrante de la Cl\u00ednica Jur\u00eddica de Familia (2022), fue ayudante docente de los profesores Claudia Bahamondes (2021-2022) y Ricardo Vergara (2022-2024) del Departamento de Derecho Civil y fue ayudante senior del Departamento de Derecho de los Negocios (2024-2025)<\/p>\n<p>Su \u00e1rea de pr\u00e1ctica est\u00e1 enfocada en litigaci\u00f3n en derecho de familia e infancia y adolescencia.<\/p>\n<p>Idiomas: ingl\u00e9s (avanzado).<\/p>\n<p>&nbsp;<\/p>\n<\/div>\n<\/div><\/div><\/div><div id=\"panel-gb1393-69e647ad1b121-0-1-1\" class=\"so-panel widget widget_sow-button panel-last-child\" data-index=\"2\" ><div style=\"text-align: left;\" data-title-color=\"#443f3f\" data-headings-color=\"#443f3f\" class=\"panel-widget-style panel-widget-style-for-gb1393-69e647ad1b121-0-1-1\" ><div\n\t\t\t\n\t\t\tclass=\"so-widget-sow-button so-widget-sow-button-wire-205c024dd60d-1393\"\n\t\t\t\n\t\t><div class=\"ow-button-base ow-button-align-left\">\n\t<a href=\"https:\/\/www.horvitz.cl\/\" class=\"ow-icon-placement-top ow-button-hover\" \t\t>\n\t\t<span>\n\t\t\t\n\t\t\tVOLVER A LA P\u00c1GINA DE INICIO\t\t<\/span>\n\t<\/a>\n<\/div>\n<\/div><\/div><\/div><\/div><\/div><\/div><\/div>","protected":false},"excerpt":{"rendered":"<p>VALENTINA PINO PARDO Abogada. Licenciada en Derecho de la Universidad Diego Portales [&hellip;]<\/p>\n","protected":false},"author":4,"featured_media":1394,"parent":0,"menu_order":0,"comment_status":"closed","ping_status":"closed","template":"page-templates\/page_front-page.php","meta":[],"_links":{"self":[{"href":"https:\/\/www.horvitz.cl\/index.php?rest_route=\/wp\/v2\/pages\/1393"}],"collection":[{"href":"https:\/\/www.horvitz.cl\/index.php?rest_route=\/wp\/v2\/pages"}],"about":[{"href":"https:\/\/www.horvitz.cl\/index.php?rest_route=\/wp\/v2\/types\/page"}],"author":[{"embeddable":true,"href":"https:\/\/www.horvitz.cl\/index.php?rest_route=\/wp\/v2\/users\/4"}],"replies":[{"embeddable":true,"href":"https:\/\/www.horvitz.cl\/index.php?rest_route=%2Fwp%2Fv2%2Fcomments&post=1393"}],"version-history":[{"count":3,"href":"https:\/\/www.horvitz.cl\/index.php?rest_route=\/wp\/v2\/pages\/1393\/revisions"}],"predecessor-version":[{"id":1405,"href":"https:\/\/www.horvitz.cl\/index.php?rest_route=\/wp\/v2\/pages\/1393\/revisions\/1405"}],"wp:featuredmedia":[{"embeddable":true,"href":"https:\/\/www.horvitz.cl\/index.php?rest_route=\/wp\/v2\/media\/1394"}],"wp:attachment":[{"href":"https:\/\/www.horvitz.cl\/index.php?rest_route=%2Fwp%2Fv2%2Fmedia&parent=1393"}],"curies":[{"name":"wp","href":"https:\/\/api.w.org\/{rel}","templated":true}]}}