{"id":141,"date":"2020-11-24T12:24:51","date_gmt":"2020-11-24T15:24:51","guid":{"rendered":"http:\/\/www.horvitz.cl\/blog\/?page_id=141"},"modified":"2024-05-30T15:30:12","modified_gmt":"2024-05-30T18:30:12","slug":"viviane-lennon","status":"publish","type":"page","link":"https:\/\/www.horvitz.cl\/?page_id=141","title":{"rendered":"Viviane Lennon"},"content":{"rendered":"<div id=\"pl-141\"  class=\"panel-layout\" ><div id=\"pg-141-0\"  class=\"panel-grid panel-has-style\" ><div style=\"padding: 100px 0; \" data-overlay=\"true\" data-overlay-color=\"#000000\" class=\"panel-row-style panel-row-style-for-141-0\" ><div id=\"pgc-141-0-0\"  class=\"panel-grid-cell\" ><div id=\"panel-141-0-0-0\" class=\"so-panel widget widget_sow-image panel-first-child panel-last-child\" data-index=\"0\" ><div style=\"text-align: left;\" data-title-color=\"#443f3f\" data-headings-color=\"#443f3f\" class=\"panel-widget-style panel-widget-style-for-141-0-0-0\" ><div\n\t\t\t\n\t\t\tclass=\"so-widget-sow-image so-widget-sow-image-default-d6014b76747a-141\"\n\t\t\t\n\t\t>\n\n<div class=\"sow-image-container\">\n\t\t<img src=\"https:\/\/www.horvitz.cl\/wp-content\/uploads\/2024\/05\/Viviane-Lennon-new.jpg\" width=\"600\" height=\"600\" srcset=\"https:\/\/www.horvitz.cl\/wp-content\/uploads\/2024\/05\/Viviane-Lennon-new.jpg 600w, https:\/\/www.horvitz.cl\/wp-content\/uploads\/2024\/05\/Viviane-Lennon-new-300x300.jpg 300w, https:\/\/www.horvitz.cl\/wp-content\/uploads\/2024\/05\/Viviane-Lennon-new-150x150.jpg 150w, https:\/\/www.horvitz.cl\/wp-content\/uploads\/2024\/05\/Viviane-Lennon-new-230x230.jpg 230w, https:\/\/www.horvitz.cl\/wp-content\/uploads\/2024\/05\/Viviane-Lennon-new-350x350.jpg 350w, https:\/\/www.horvitz.cl\/wp-content\/uploads\/2024\/05\/Viviane-Lennon-new-480x480.jpg 480w\" sizes=\"(max-width: 600px) 100vw, 600px\" alt=\"\" loading=\"lazy\" \t\tclass=\"so-widget-image\"\/>\n\t<\/div>\n\n<\/div><\/div><\/div><\/div><div id=\"pgc-141-0-1\"  class=\"panel-grid-cell\" ><div id=\"panel-141-0-1-0\" class=\"so-panel widget widget_sow-editor panel-first-child\" data-index=\"1\" ><div style=\"text-align: left;\" data-title-color=\"#443f3f\" data-headings-color=\"#443f3f\" class=\"panel-widget-style panel-widget-style-for-141-0-1-0\" ><div\n\t\t\t\n\t\t\tclass=\"so-widget-sow-editor so-widget-sow-editor-base\"\n\t\t\t\n\t\t>\n<div class=\"siteorigin-widget-tinymce textwidget\">\n\t<h4>VIVIANE LENNON GONZ\u00c1LEZ<\/h4>\n<p>Abogada de la Universidad Diego Portales. Se incorpora al estudio Horvitz en el a\u00f1o 2007. Diplomada en Responsabilidad Civil Contractual y Extra contractual de la Universidad de Chile. Se ha especializado en las \u00e1reas de negociaciones y litigaci\u00f3n en materia de familia.<\/p>\n<p>Ha participado de diversas instancias de formaci\u00f3n como Jornadas de Derecho de Familia en Buenos Aires, Congreso internacional de Derecho de Familia en Brighton-Inglaterra; Curso de Protecci\u00f3n Jurisdiccional de los Derechos del Ni\u00f1o, Unicef.<\/p>\n<p>Se ha desempe\u00f1ado como Asistente Jur\u00eddica de la Unidad Coordinadora de la Reforma Procesal Penal en el Ministerio de Justicia; investigadora en el Informe Anual sobre Derechos Humanos en Chile realizado por Facultad de Derecho, Universidad Diego Portales y como ayudante del departamento de Derecho Procesal Civil de la Universidad Diego Portales.<\/p>\n<p>Autora del art\u00edculo de doctrina \u00bfCuidado personal a partir del r\u00e9gimen de relaci\u00f3n directa y regular? la importancia del derecho internacional y comparado, Revista Chilena de Derecho Privado.<\/p>\n<p>Miembro de la Asociaci\u00f3n de Abogados de Familia, en la cual ejerci\u00f3 el cargo de Vice-Presidente desde mayo del a\u00f1o 2016 a abril de 2017.<\/p>\n<p>Asisti\u00f3 al III Congreso Internacional de AIJUDEFA en Espa\u00f1a (2022) y Seminario AIJUDEFA en Brasil (2022).<\/p>\n<p>&nbsp;<\/p>\n<\/div>\n<\/div><\/div><\/div><div id=\"panel-141-0-1-1\" class=\"so-panel widget widget_sow-button panel-last-child\" data-index=\"2\" ><div style=\"text-align: left;\" data-title-color=\"#443f3f\" data-headings-color=\"#443f3f\" class=\"panel-widget-style panel-widget-style-for-141-0-1-1\" ><div\n\t\t\t\n\t\t\tclass=\"so-widget-sow-button so-widget-sow-button-wire-205c024dd60d-141\"\n\t\t\t\n\t\t><div class=\"ow-button-base ow-button-align-left\">\n\t<a href=\"https:\/\/www.horvitz.cl\/\" class=\"ow-icon-placement-top ow-button-hover\" \t\t>\n\t\t<span>\n\t\t\t\n\t\t\tVOLVER A LA P\u00c1GINA DE INICIO\t\t<\/span>\n\t<\/a>\n<\/div>\n<\/div><\/div><\/div><\/div><\/div><\/div><\/div>","protected":false},"excerpt":{"rendered":"<p>VIVIANE LENNON GONZ\u00c1LEZ Abogada de la Universidad Diego Portales. Se incorpora al [&hellip;]<\/p>\n","protected":false},"author":2,"featured_media":1175,"parent":0,"menu_order":0,"comment_status":"closed","ping_status":"closed","template":"page-templates\/page_front-page.php","meta":[],"_links":{"self":[{"href":"https:\/\/www.horvitz.cl\/index.php?rest_route=\/wp\/v2\/pages\/141"}],"collection":[{"href":"https:\/\/www.horvitz.cl\/index.php?rest_route=\/wp\/v2\/pages"}],"about":[{"href":"https:\/\/www.horvitz.cl\/index.php?rest_route=\/wp\/v2\/types\/page"}],"author":[{"embeddable":true,"href":"https:\/\/www.horvitz.cl\/index.php?rest_route=\/wp\/v2\/users\/2"}],"replies":[{"embeddable":true,"href":"https:\/\/www.horvitz.cl\/index.php?rest_route=%2Fwp%2Fv2%2Fcomments&post=141"}],"version-history":[{"count":19,"href":"https:\/\/www.horvitz.cl\/index.php?rest_route=\/wp\/v2\/pages\/141\/revisions"}],"predecessor-version":[{"id":1177,"href":"https:\/\/www.horvitz.cl\/index.php?rest_route=\/wp\/v2\/pages\/141\/revisions\/1177"}],"wp:featuredmedia":[{"embeddable":true,"href":"https:\/\/www.horvitz.cl\/index.php?rest_route=\/wp\/v2\/media\/1175"}],"wp:attachment":[{"href":"https:\/\/www.horvitz.cl\/index.php?rest_route=%2Fwp%2Fv2%2Fmedia&parent=141"}],"curies":[{"name":"wp","href":"https:\/\/api.w.org\/{rel}","templated":true}]}}