{"id":182,"date":"2020-11-24T13:58:08","date_gmt":"2020-11-24T16:58:08","guid":{"rendered":"http:\/\/www.horvitz.cl\/blog\/?page_id=182"},"modified":"2024-05-30T15:28:43","modified_gmt":"2024-05-30T18:28:43","slug":"ignacia-lerdo","status":"publish","type":"page","link":"https:\/\/www.horvitz.cl\/?page_id=182","title":{"rendered":"Ignacia Lerdo"},"content":{"rendered":"<div id=\"pl-182\"  class=\"panel-layout\" ><div id=\"pg-182-0\"  class=\"panel-grid panel-has-style\" ><div style=\"padding: 100px 0; \" data-overlay=\"true\" data-overlay-color=\"#000000\" class=\"panel-row-style panel-row-style-for-182-0\" ><div id=\"pgc-182-0-0\"  class=\"panel-grid-cell\" ><div id=\"panel-182-0-0-0\" class=\"so-panel widget widget_sow-image panel-first-child panel-last-child\" data-index=\"0\" ><div style=\"text-align: left;\" data-title-color=\"#443f3f\" data-headings-color=\"#443f3f\" class=\"panel-widget-style panel-widget-style-for-182-0-0-0\" ><div\n\t\t\t\n\t\t\tclass=\"so-widget-sow-image so-widget-sow-image-default-d6014b76747a-182\"\n\t\t\t\n\t\t>\n\n<div class=\"sow-image-container\">\n\t\t<img src=\"https:\/\/www.horvitz.cl\/wp-content\/uploads\/2024\/05\/Ignacia-Lerdo-new.jpg\" width=\"600\" height=\"600\" srcset=\"https:\/\/www.horvitz.cl\/wp-content\/uploads\/2024\/05\/Ignacia-Lerdo-new.jpg 600w, https:\/\/www.horvitz.cl\/wp-content\/uploads\/2024\/05\/Ignacia-Lerdo-new-300x300.jpg 300w, https:\/\/www.horvitz.cl\/wp-content\/uploads\/2024\/05\/Ignacia-Lerdo-new-150x150.jpg 150w, https:\/\/www.horvitz.cl\/wp-content\/uploads\/2024\/05\/Ignacia-Lerdo-new-230x230.jpg 230w, https:\/\/www.horvitz.cl\/wp-content\/uploads\/2024\/05\/Ignacia-Lerdo-new-350x350.jpg 350w, https:\/\/www.horvitz.cl\/wp-content\/uploads\/2024\/05\/Ignacia-Lerdo-new-480x480.jpg 480w\" sizes=\"(max-width: 600px) 100vw, 600px\" alt=\"\" loading=\"lazy\" \t\tclass=\"so-widget-image\"\/>\n\t<\/div>\n\n<\/div><\/div><\/div><\/div><div id=\"pgc-182-0-1\"  class=\"panel-grid-cell\" ><div id=\"panel-182-0-1-0\" class=\"so-panel widget widget_sow-editor panel-first-child\" data-index=\"1\" ><div style=\"text-align: left;\" data-title-color=\"#443f3f\" data-headings-color=\"#443f3f\" class=\"panel-widget-style panel-widget-style-for-182-0-1-0\" ><div\n\t\t\t\n\t\t\tclass=\"so-widget-sow-editor so-widget-sow-editor-base\"\n\t\t\t\n\t\t>\n<div class=\"siteorigin-widget-tinymce textwidget\">\n\t<h4>IGNACIA LERDO DE TEJADA LOYOLA<\/h4>\n<p>Abogada titulada con distinci\u00f3n de la Universidad Central.<\/p>\n<p>Realiz\u00f3 la pr\u00e1ctica en la Fundaci\u00f3n de la Familia, evaluada con distinci\u00f3n m\u00e1xima.<\/p>\n<p>Post graduada en la Universidad de Chile en Derecho Internacional de los DDHH.<\/p>\n<p>Ha participado en diversos congresos nacionales e internacionales, entre los cuales destacan 59\u00ba Congreso Uni\u00f3n Internacional de Abogados (UIA) en Valencia (2015), II Congreso de Derecho Internacional de Familia en Buenos Aires (2015), 62\u00ba Congreso Uni\u00f3n Internacional de Abogados (UIA) en Oporto (2018), 63\u00ba Congreso Uni\u00f3n Internacional de Abogados (UIA) en Luxemburgo (2019), expositora en 65\u00b0 Congreso Uni\u00f3n Internacional de Abogados (UIA) en Madrid (2021), III Congreso Internacional de AIJUDEFA en Espa\u00f1a (2022) y Seminario AIJUDEFA en Brasil (2022).<\/p>\n<p>Ha desarrollado toda su carrera en Horvitz y Horvitz, donde ingresa como procuradora el a\u00f1o 2007, hasta convertirse en socia el a\u00f1o 2016.<\/p>\n<p>Es miembro del Colegio de Abogados de Chile A.G. y la Asociaci\u00f3n de abogados de Familia de Chile (AAF).<\/p>\n<p>Es miembro de Uni\u00f3n Internacional de Abogados (UIA). En diciembre de 2022 tuvo el honor de ser designada Consejera de la Presidencia en UIA.<\/p>\n<\/div>\n<\/div><\/div><\/div><div id=\"panel-182-0-1-1\" class=\"so-panel widget widget_sow-button panel-last-child\" data-index=\"2\" ><div style=\"text-align: left;\" data-title-color=\"#443f3f\" data-headings-color=\"#443f3f\" class=\"panel-widget-style panel-widget-style-for-182-0-1-1\" ><div\n\t\t\t\n\t\t\tclass=\"so-widget-sow-button so-widget-sow-button-wire-205c024dd60d-182\"\n\t\t\t\n\t\t><div class=\"ow-button-base ow-button-align-left\">\n\t<a href=\"https:\/\/www.horvitz.cl\/\" class=\"ow-icon-placement-top ow-button-hover\" \t\t>\n\t\t<span>\n\t\t\t\n\t\t\tVOLVER A LA P\u00c1GINA DE INICIO\t\t<\/span>\n\t<\/a>\n<\/div>\n<\/div><\/div><\/div><\/div><\/div><\/div><\/div>","protected":false},"excerpt":{"rendered":"<p>IGNACIA LERDO DE TEJADA LOYOLA Abogada titulada con distinci\u00f3n de la Universidad [&hellip;]<\/p>\n","protected":false},"author":2,"featured_media":1170,"parent":0,"menu_order":0,"comment_status":"closed","ping_status":"closed","template":"page-templates\/page_front-page.php","meta":[],"_links":{"self":[{"href":"https:\/\/www.horvitz.cl\/index.php?rest_route=\/wp\/v2\/pages\/182"}],"collection":[{"href":"https:\/\/www.horvitz.cl\/index.php?rest_route=\/wp\/v2\/pages"}],"about":[{"href":"https:\/\/www.horvitz.cl\/index.php?rest_route=\/wp\/v2\/types\/page"}],"author":[{"embeddable":true,"href":"https:\/\/www.horvitz.cl\/index.php?rest_route=\/wp\/v2\/users\/2"}],"replies":[{"embeddable":true,"href":"https:\/\/www.horvitz.cl\/index.php?rest_route=%2Fwp%2Fv2%2Fcomments&post=182"}],"version-history":[{"count":25,"href":"https:\/\/www.horvitz.cl\/index.php?rest_route=\/wp\/v2\/pages\/182\/revisions"}],"predecessor-version":[{"id":1172,"href":"https:\/\/www.horvitz.cl\/index.php?rest_route=\/wp\/v2\/pages\/182\/revisions\/1172"}],"wp:featuredmedia":[{"embeddable":true,"href":"https:\/\/www.horvitz.cl\/index.php?rest_route=\/wp\/v2\/media\/1170"}],"wp:attachment":[{"href":"https:\/\/www.horvitz.cl\/index.php?rest_route=%2Fwp%2Fv2%2Fmedia&parent=182"}],"curies":[{"name":"wp","href":"https:\/\/api.w.org\/{rel}","templated":true}]}}