{"id":185,"date":"2020-11-24T13:59:42","date_gmt":"2020-11-24T16:59:42","guid":{"rendered":"http:\/\/www.horvitz.cl\/blog\/?page_id=185"},"modified":"2024-04-18T17:26:55","modified_gmt":"2024-04-18T20:26:55","slug":"libertad-trivino","status":"publish","type":"page","link":"https:\/\/www.horvitz.cl\/?page_id=185","title":{"rendered":"Libertad Trivi\u00f1o"},"content":{"rendered":"<div id=\"pl-185\"  class=\"panel-layout\" ><div id=\"pg-185-0\"  class=\"panel-grid panel-has-style\" ><div style=\"padding: 100px 0; \" data-overlay=\"true\" data-overlay-color=\"#000000\" class=\"panel-row-style panel-row-style-for-185-0\" ><div id=\"pgc-185-0-0\"  class=\"panel-grid-cell\" ><div id=\"panel-185-0-0-0\" class=\"so-panel widget widget_sow-image panel-first-child panel-last-child\" data-index=\"0\" ><div style=\"text-align: left;\" data-title-color=\"#443f3f\" data-headings-color=\"#443f3f\" class=\"panel-widget-style panel-widget-style-for-185-0-0-0\" ><div\n\t\t\t\n\t\t\tclass=\"so-widget-sow-image so-widget-sow-image-default-d6014b76747a-185\"\n\t\t\t\n\t\t>\n\n<div class=\"sow-image-container\">\n\t\t<img src=\"https:\/\/www.horvitz.cl\/wp-content\/uploads\/2024\/04\/Libertad-trivino-new.jpg\" width=\"600\" height=\"600\" srcset=\"https:\/\/www.horvitz.cl\/wp-content\/uploads\/2024\/04\/Libertad-trivino-new.jpg 600w, https:\/\/www.horvitz.cl\/wp-content\/uploads\/2024\/04\/Libertad-trivino-new-300x300.jpg 300w, https:\/\/www.horvitz.cl\/wp-content\/uploads\/2024\/04\/Libertad-trivino-new-150x150.jpg 150w, https:\/\/www.horvitz.cl\/wp-content\/uploads\/2024\/04\/Libertad-trivino-new-230x230.jpg 230w, https:\/\/www.horvitz.cl\/wp-content\/uploads\/2024\/04\/Libertad-trivino-new-350x350.jpg 350w, https:\/\/www.horvitz.cl\/wp-content\/uploads\/2024\/04\/Libertad-trivino-new-480x480.jpg 480w\" sizes=\"(max-width: 600px) 100vw, 600px\" alt=\"\" loading=\"lazy\" \t\tclass=\"so-widget-image\"\/>\n\t<\/div>\n\n<\/div><\/div><\/div><\/div><div id=\"pgc-185-0-1\"  class=\"panel-grid-cell\" ><div id=\"panel-185-0-1-0\" class=\"so-panel widget widget_sow-editor panel-first-child\" data-index=\"1\" ><div style=\"text-align: left;\" data-title-color=\"#443f3f\" data-headings-color=\"#443f3f\" class=\"panel-widget-style panel-widget-style-for-185-0-1-0\" ><div\n\t\t\t\n\t\t\tclass=\"so-widget-sow-editor so-widget-sow-editor-base\"\n\t\t\t\n\t\t>\n<div class=\"siteorigin-widget-tinymce textwidget\">\n\t<h4>LIBERTAD TRIVI\u00d1O ALVARADO<\/h4>\n<p>Abogada, titulada de la Universidad de Chile. M\u00e1ster en Estudios Jur\u00eddicos Avanzados, con especializaci\u00f3n en el \u00e1rea de Derecho Penal, Universidad de Barcelona; M\u00e1ster en Derecho Penal y Ciencias Penales, Universidad de Barcelona y Pompeu Fabra (IL3 Instituto de Formaci\u00f3n Continua).<\/p>\n<p>Sus \u00e1reas de pr\u00e1cticas profesional son derecho penal, derecho penal econ\u00f3mico y litigios.<\/p>\n<p>Es acad\u00e9mica de la Catedra Derecho Penal, Universidad de Santiago de Chile, como Profesora Asistente; docente (hora) del curso G\u00e9nero y Derecho, Universidad Adolfo Ib\u00e1\u00f1ez. Ha ejercido como docente auxiliar de la c\u00e1tedra de Introducci\u00f3n a la Teor\u00eda del Delito, Universidad Diego Portales.<\/p>\n<p>&nbsp;<\/p>\n<\/div>\n<\/div><\/div><\/div><div id=\"panel-185-0-1-1\" class=\"so-panel widget widget_sow-button panel-last-child\" data-index=\"2\" ><div style=\"text-align: left;\" data-title-color=\"#443f3f\" data-headings-color=\"#443f3f\" class=\"panel-widget-style panel-widget-style-for-185-0-1-1\" ><div\n\t\t\t\n\t\t\tclass=\"so-widget-sow-button so-widget-sow-button-wire-205c024dd60d-185\"\n\t\t\t\n\t\t><div class=\"ow-button-base ow-button-align-left\">\n\t<a href=\"https:\/\/www.horvitz.cl\/\" class=\"ow-icon-placement-top ow-button-hover\" \t\t>\n\t\t<span>\n\t\t\t\n\t\t\tVOLVER A LA P\u00c1GINA DE INICIO\t\t<\/span>\n\t<\/a>\n<\/div>\n<\/div><\/div><\/div><\/div><\/div><\/div><\/div>","protected":false},"excerpt":{"rendered":"<p>LIBERTAD TRIVI\u00d1O ALVARADO Abogada, titulada de la Universidad de Chile. M\u00e1ster en [&hellip;]<\/p>\n","protected":false},"author":2,"featured_media":1095,"parent":0,"menu_order":0,"comment_status":"closed","ping_status":"closed","template":"page-templates\/page_front-page.php","meta":[],"_links":{"self":[{"href":"https:\/\/www.horvitz.cl\/index.php?rest_route=\/wp\/v2\/pages\/185"}],"collection":[{"href":"https:\/\/www.horvitz.cl\/index.php?rest_route=\/wp\/v2\/pages"}],"about":[{"href":"https:\/\/www.horvitz.cl\/index.php?rest_route=\/wp\/v2\/types\/page"}],"author":[{"embeddable":true,"href":"https:\/\/www.horvitz.cl\/index.php?rest_route=\/wp\/v2\/users\/2"}],"replies":[{"embeddable":true,"href":"https:\/\/www.horvitz.cl\/index.php?rest_route=%2Fwp%2Fv2%2Fcomments&post=185"}],"version-history":[{"count":57,"href":"https:\/\/www.horvitz.cl\/index.php?rest_route=\/wp\/v2\/pages\/185\/revisions"}],"predecessor-version":[{"id":1097,"href":"https:\/\/www.horvitz.cl\/index.php?rest_route=\/wp\/v2\/pages\/185\/revisions\/1097"}],"wp:featuredmedia":[{"embeddable":true,"href":"https:\/\/www.horvitz.cl\/index.php?rest_route=\/wp\/v2\/media\/1095"}],"wp:attachment":[{"href":"https:\/\/www.horvitz.cl\/index.php?rest_route=%2Fwp%2Fv2%2Fmedia&parent=185"}],"curies":[{"name":"wp","href":"https:\/\/api.w.org\/{rel}","templated":true}]}}