{"id":188,"date":"2020-11-24T14:01:17","date_gmt":"2020-11-24T17:01:17","guid":{"rendered":"http:\/\/www.horvitz.cl\/blog\/?page_id=188"},"modified":"2024-12-30T20:44:24","modified_gmt":"2024-12-30T23:44:24","slug":"miguel-villegas","status":"publish","type":"page","link":"https:\/\/www.horvitz.cl\/?page_id=188","title":{"rendered":"Miguel Villegas"},"content":{"rendered":"<div id=\"pl-188\"  class=\"panel-layout\" ><div id=\"pg-188-0\"  class=\"panel-grid panel-has-style\" ><div style=\"padding: 100px 0; \" data-overlay=\"true\" data-overlay-color=\"#000000\" class=\"panel-row-style panel-row-style-for-188-0\" ><div id=\"pgc-188-0-0\"  class=\"panel-grid-cell\" ><div id=\"panel-188-0-0-0\" class=\"so-panel widget widget_sow-image panel-first-child panel-last-child\" data-index=\"0\" ><div style=\"text-align: left;\" data-title-color=\"#443f3f\" data-headings-color=\"#443f3f\" class=\"panel-widget-style panel-widget-style-for-188-0-0-0\" ><div\n\t\t\t\n\t\t\tclass=\"so-widget-sow-image so-widget-sow-image-default-d6014b76747a-188\"\n\t\t\t\n\t\t>\n\n<div class=\"sow-image-container\">\n\t\t<img src=\"https:\/\/www.horvitz.cl\/wp-content\/uploads\/2024\/04\/Miguel-Villegas-new.jpg\" width=\"600\" height=\"600\" srcset=\"https:\/\/www.horvitz.cl\/wp-content\/uploads\/2024\/04\/Miguel-Villegas-new.jpg 600w, https:\/\/www.horvitz.cl\/wp-content\/uploads\/2024\/04\/Miguel-Villegas-new-300x300.jpg 300w, https:\/\/www.horvitz.cl\/wp-content\/uploads\/2024\/04\/Miguel-Villegas-new-150x150.jpg 150w, https:\/\/www.horvitz.cl\/wp-content\/uploads\/2024\/04\/Miguel-Villegas-new-230x230.jpg 230w, https:\/\/www.horvitz.cl\/wp-content\/uploads\/2024\/04\/Miguel-Villegas-new-350x350.jpg 350w, https:\/\/www.horvitz.cl\/wp-content\/uploads\/2024\/04\/Miguel-Villegas-new-480x480.jpg 480w\" sizes=\"(max-width: 600px) 100vw, 600px\" alt=\"\" loading=\"lazy\" \t\tclass=\"so-widget-image\"\/>\n\t<\/div>\n\n<\/div><\/div><\/div><\/div><div id=\"pgc-188-0-1\"  class=\"panel-grid-cell\" ><div id=\"panel-188-0-1-0\" class=\"so-panel widget widget_sow-editor panel-first-child\" data-index=\"1\" ><div style=\"text-align: left;\" data-title-color=\"#443f3f\" data-headings-color=\"#443f3f\" class=\"panel-widget-style panel-widget-style-for-188-0-1-0\" ><div\n\t\t\t\n\t\t\tclass=\"so-widget-sow-editor so-widget-sow-editor-base\"\n\t\t\t\n\t\t>\n<div class=\"siteorigin-widget-tinymce textwidget\">\n\t<h4>MIGUEL VILLEGAS CAMUS<\/h4>\n<p>Abogado de la Universidad Diego Portales. Desde el a\u00f1o 2014 se ha desempe\u00f1ado en Horvitz &amp; C\u00eda. Sus \u00e1reas de pr\u00e1ctica son litigaci\u00f3n en materia de familia, civil y arbitral.<\/p>\n<p>Con estudios de actualizaci\u00f3n en derecho penal, Instituto de estudios judiciales, (agosto 2020); Administraci\u00f3n Desleal, Soborno entre Privados, y Modificaciones en Materia de Corrupci\u00f3n P\u00fablica, Escuela de Postgrado de la Facultad de Derecho de la Universidad de Chile (Agosto 2019); destrezas avanzadas en litigaci\u00f3n oral en Universidad de Los Andes en conjunto con California Western School Of Law (2017); litigaci\u00f3n oral con especialidad en ciencias forenses en California Western School Of Law, San Diego, California (2016); Jornadas de Derecho de Familia en Buenos Aires (2015).<\/p>\n<p>Curso de mediaci\u00f3n civil y comercial impartido por el CAM-CCS (2022).<\/p>\n<p>Es miembro de la Asociaci\u00f3n de Abogados de Familia y del Colegio de Abogados de Chile A.G.<\/p>\n<p>Ingres\u00f3 a la n\u00f3mina de \u00e1rbitros de la Iltma. Corte de Apelaciones de Santiago en el Bienio 2023-2024. Su nombre est\u00e1 incluido en listado de Jueces \u00c1rbitros manteni\u00e9ndose en \u00e9l hasta la fecha.<\/p>\n<p>&nbsp;<\/p>\n<p>&nbsp;<\/p>\n<\/div>\n<\/div><\/div><\/div><div id=\"panel-188-0-1-1\" class=\"so-panel widget widget_sow-button panel-last-child\" data-index=\"2\" ><div style=\"text-align: left;\" data-title-color=\"#443f3f\" data-headings-color=\"#443f3f\" class=\"panel-widget-style panel-widget-style-for-188-0-1-1\" ><div\n\t\t\t\n\t\t\tclass=\"so-widget-sow-button so-widget-sow-button-wire-205c024dd60d-188\"\n\t\t\t\n\t\t><div class=\"ow-button-base ow-button-align-left\">\n\t<a href=\"https:\/\/www.horvitz.cl\/\" class=\"ow-icon-placement-top ow-button-hover\" \t\t>\n\t\t<span>\n\t\t\t\n\t\t\tVOLVER A LA P\u00c1GINA DE INICIO\t\t<\/span>\n\t<\/a>\n<\/div>\n<\/div><\/div><\/div><\/div><\/div><\/div><\/div>","protected":false},"excerpt":{"rendered":"<p>MIGUEL VILLEGAS CAMUS Abogado de la Universidad Diego Portales. Desde el a\u00f1o [&hellip;]<\/p>\n","protected":false},"author":2,"featured_media":1078,"parent":0,"menu_order":0,"comment_status":"closed","ping_status":"closed","template":"page-templates\/page_front-page.php","meta":[],"_links":{"self":[{"href":"https:\/\/www.horvitz.cl\/index.php?rest_route=\/wp\/v2\/pages\/188"}],"collection":[{"href":"https:\/\/www.horvitz.cl\/index.php?rest_route=\/wp\/v2\/pages"}],"about":[{"href":"https:\/\/www.horvitz.cl\/index.php?rest_route=\/wp\/v2\/types\/page"}],"author":[{"embeddable":true,"href":"https:\/\/www.horvitz.cl\/index.php?rest_route=\/wp\/v2\/users\/2"}],"replies":[{"embeddable":true,"href":"https:\/\/www.horvitz.cl\/index.php?rest_route=%2Fwp%2Fv2%2Fcomments&post=188"}],"version-history":[{"count":16,"href":"https:\/\/www.horvitz.cl\/index.php?rest_route=\/wp\/v2\/pages\/188\/revisions"}],"predecessor-version":[{"id":1303,"href":"https:\/\/www.horvitz.cl\/index.php?rest_route=\/wp\/v2\/pages\/188\/revisions\/1303"}],"wp:featuredmedia":[{"embeddable":true,"href":"https:\/\/www.horvitz.cl\/index.php?rest_route=\/wp\/v2\/media\/1078"}],"wp:attachment":[{"href":"https:\/\/www.horvitz.cl\/index.php?rest_route=%2Fwp%2Fv2%2Fmedia&parent=188"}],"curies":[{"name":"wp","href":"https:\/\/api.w.org\/{rel}","templated":true}]}}