{"id":191,"date":"2020-11-24T14:03:00","date_gmt":"2020-11-24T17:03:00","guid":{"rendered":"http:\/\/www.horvitz.cl\/blog\/?page_id=191"},"modified":"2024-04-18T17:27:54","modified_gmt":"2024-04-18T20:27:54","slug":"maria-jesus-zapico","status":"publish","type":"page","link":"https:\/\/www.horvitz.cl\/?page_id=191","title":{"rendered":"Mar\u00eda Jes\u00fas Zapico Gonzalez"},"content":{"rendered":"<div id=\"pl-191\"  class=\"panel-layout\" ><div id=\"pg-191-0\"  class=\"panel-grid panel-has-style\" ><div style=\"padding: 100px 0; \" data-overlay=\"true\" data-overlay-color=\"#000000\" class=\"panel-row-style panel-row-style-for-191-0\" ><div id=\"pgc-191-0-0\"  class=\"panel-grid-cell\" ><div id=\"panel-191-0-0-0\" class=\"so-panel widget widget_sow-image panel-first-child panel-last-child\" data-index=\"0\" ><div style=\"text-align: left;\" data-title-color=\"#443f3f\" data-headings-color=\"#443f3f\" class=\"panel-widget-style panel-widget-style-for-191-0-0-0\" ><div\n\t\t\t\n\t\t\tclass=\"so-widget-sow-image so-widget-sow-image-default-d6014b76747a-191\"\n\t\t\t\n\t\t>\n\n<div class=\"sow-image-container\">\n\t\t<img src=\"https:\/\/www.horvitz.cl\/wp-content\/uploads\/2024\/04\/Maria-Jesus-Zapico-new.jpg\" width=\"600\" height=\"600\" srcset=\"https:\/\/www.horvitz.cl\/wp-content\/uploads\/2024\/04\/Maria-Jesus-Zapico-new.jpg 600w, https:\/\/www.horvitz.cl\/wp-content\/uploads\/2024\/04\/Maria-Jesus-Zapico-new-300x300.jpg 300w, https:\/\/www.horvitz.cl\/wp-content\/uploads\/2024\/04\/Maria-Jesus-Zapico-new-150x150.jpg 150w, https:\/\/www.horvitz.cl\/wp-content\/uploads\/2024\/04\/Maria-Jesus-Zapico-new-230x230.jpg 230w, https:\/\/www.horvitz.cl\/wp-content\/uploads\/2024\/04\/Maria-Jesus-Zapico-new-350x350.jpg 350w, https:\/\/www.horvitz.cl\/wp-content\/uploads\/2024\/04\/Maria-Jesus-Zapico-new-480x480.jpg 480w\" sizes=\"(max-width: 600px) 100vw, 600px\" alt=\"\" loading=\"lazy\" \t\tclass=\"so-widget-image\"\/>\n\t<\/div>\n\n<\/div><\/div><\/div><\/div><div id=\"pgc-191-0-1\"  class=\"panel-grid-cell\" ><div id=\"panel-191-0-1-0\" class=\"so-panel widget widget_sow-editor panel-first-child\" data-index=\"1\" ><div style=\"text-align: left;\" data-title-color=\"#443f3f\" data-headings-color=\"#443f3f\" class=\"panel-widget-style panel-widget-style-for-191-0-1-0\" ><div\n\t\t\t\n\t\t\tclass=\"so-widget-sow-editor so-widget-sow-editor-base\"\n\t\t\t\n\t\t>\n<div class=\"siteorigin-widget-tinymce textwidget\">\n\t<h4>MAR\u00cdA JES\u00daS ZAPICO GONZALEZ<\/h4>\n<p class=\"p1\">Abogada. Licenciada en Derecho de la Universidad Adolfo Ib\u00e1\u00f1ez (2015).<\/p>\n<p class=\"p1\">Diploma de Post\u00edtulo en Derecho de Familia y de la Ni\u00f1ez, Universidad de Chile (2021).<\/p>\n<p class=\"p1\">M\u00e1ster en Estudios Interdisciplinares de G\u00e9nero, Universidad de Salamanca, Salamanca, Espa\u00f1a (2023).<\/p>\n<p class=\"p1\">Realiz\u00f3 su pr\u00e1ctica profesional en la Corporaci\u00f3n de Asistencia Judicial de Valpara\u00edso. Anteriormente se desempe\u00f1\u00f3 como abogada Asociada en Torres y C\u00eda. (2019).<\/p>\n<p>&nbsp;<\/p>\n<p>&nbsp;<\/p>\n<p>&nbsp;<\/p>\n<\/div>\n<\/div><\/div><\/div><div id=\"panel-191-0-1-1\" class=\"so-panel widget widget_sow-button panel-last-child\" data-index=\"2\" ><div style=\"text-align: left;\" data-title-color=\"#443f3f\" data-headings-color=\"#443f3f\" class=\"panel-widget-style panel-widget-style-for-191-0-1-1\" ><div\n\t\t\t\n\t\t\tclass=\"so-widget-sow-button so-widget-sow-button-wire-205c024dd60d-191\"\n\t\t\t\n\t\t><div class=\"ow-button-base ow-button-align-left\">\n\t<a href=\"https:\/\/www.horvitz.cl\/\" class=\"ow-icon-placement-top ow-button-hover\" \t\t>\n\t\t<span>\n\t\t\t\n\t\t\tVOLVER A LA P\u00c1GINA DE INICIO\t\t<\/span>\n\t<\/a>\n<\/div>\n<\/div><\/div><\/div><\/div><\/div><\/div><\/div>","protected":false},"excerpt":{"rendered":"<p>MAR\u00cdA JES\u00daS ZAPICO GONZALEZ Abogada. Licenciada en Derecho de la Universidad Adolfo [&hellip;]<\/p>\n","protected":false},"author":2,"featured_media":1076,"parent":0,"menu_order":0,"comment_status":"closed","ping_status":"closed","template":"page-templates\/page_front-page.php","meta":[],"_links":{"self":[{"href":"https:\/\/www.horvitz.cl\/index.php?rest_route=\/wp\/v2\/pages\/191"}],"collection":[{"href":"https:\/\/www.horvitz.cl\/index.php?rest_route=\/wp\/v2\/pages"}],"about":[{"href":"https:\/\/www.horvitz.cl\/index.php?rest_route=\/wp\/v2\/types\/page"}],"author":[{"embeddable":true,"href":"https:\/\/www.horvitz.cl\/index.php?rest_route=\/wp\/v2\/users\/2"}],"replies":[{"embeddable":true,"href":"https:\/\/www.horvitz.cl\/index.php?rest_route=%2Fwp%2Fv2%2Fcomments&post=191"}],"version-history":[{"count":20,"href":"https:\/\/www.horvitz.cl\/index.php?rest_route=\/wp\/v2\/pages\/191\/revisions"}],"predecessor-version":[{"id":1099,"href":"https:\/\/www.horvitz.cl\/index.php?rest_route=\/wp\/v2\/pages\/191\/revisions\/1099"}],"wp:featuredmedia":[{"embeddable":true,"href":"https:\/\/www.horvitz.cl\/index.php?rest_route=\/wp\/v2\/media\/1076"}],"wp:attachment":[{"href":"https:\/\/www.horvitz.cl\/index.php?rest_route=%2Fwp%2Fv2%2Fmedia&parent=191"}],"curies":[{"name":"wp","href":"https:\/\/api.w.org\/{rel}","templated":true}]}}