{"id":468,"date":"2021-07-28T13:02:04","date_gmt":"2021-07-28T16:02:04","guid":{"rendered":"https:\/\/www.horvitz.cl\/?page_id=468"},"modified":"2024-12-10T13:28:46","modified_gmt":"2024-12-10T16:28:46","slug":"rodrigo-astudillo","status":"publish","type":"page","link":"https:\/\/www.horvitz.cl\/?page_id=468","title":{"rendered":"Rodrigo Astudillo"},"content":{"rendered":"<div id=\"pl-468\"  class=\"panel-layout\" ><div id=\"pg-468-0\"  class=\"panel-grid panel-has-style\" ><div style=\"padding: 100px 0; \" data-overlay=\"true\" data-overlay-color=\"#000000\" class=\"panel-row-style panel-row-style-for-468-0\" ><div id=\"pgc-468-0-0\"  class=\"panel-grid-cell\" ><div id=\"panel-468-0-0-0\" class=\"so-panel widget widget_sow-image panel-first-child panel-last-child\" data-index=\"0\" ><div style=\"text-align: left;\" data-title-color=\"#443f3f\" data-headings-color=\"#443f3f\" class=\"panel-widget-style panel-widget-style-for-468-0-0-0\" ><div\n\t\t\t\n\t\t\tclass=\"so-widget-sow-image so-widget-sow-image-default-d6014b76747a-468\"\n\t\t\t\n\t\t>\n\n<div class=\"sow-image-container\">\n\t\t<img src=\"https:\/\/www.horvitz.cl\/wp-content\/uploads\/2024\/04\/Rodrigo-Astudillo-new.jpg\" width=\"600\" height=\"600\" srcset=\"https:\/\/www.horvitz.cl\/wp-content\/uploads\/2024\/04\/Rodrigo-Astudillo-new.jpg 600w, https:\/\/www.horvitz.cl\/wp-content\/uploads\/2024\/04\/Rodrigo-Astudillo-new-300x300.jpg 300w, https:\/\/www.horvitz.cl\/wp-content\/uploads\/2024\/04\/Rodrigo-Astudillo-new-150x150.jpg 150w, https:\/\/www.horvitz.cl\/wp-content\/uploads\/2024\/04\/Rodrigo-Astudillo-new-230x230.jpg 230w, https:\/\/www.horvitz.cl\/wp-content\/uploads\/2024\/04\/Rodrigo-Astudillo-new-350x350.jpg 350w, https:\/\/www.horvitz.cl\/wp-content\/uploads\/2024\/04\/Rodrigo-Astudillo-new-480x480.jpg 480w\" sizes=\"(max-width: 600px) 100vw, 600px\" alt=\"\" loading=\"lazy\" \t\tclass=\"so-widget-image\"\/>\n\t<\/div>\n\n<\/div><\/div><\/div><\/div><div id=\"pgc-468-0-1\"  class=\"panel-grid-cell\" ><div id=\"panel-468-0-1-0\" class=\"so-panel widget widget_sow-editor panel-first-child\" data-index=\"1\" ><div style=\"text-align: left;\" data-title-color=\"#443f3f\" data-headings-color=\"#443f3f\" class=\"panel-widget-style panel-widget-style-for-468-0-1-0\" ><div\n\t\t\t\n\t\t\tclass=\"so-widget-sow-editor so-widget-sow-editor-base\"\n\t\t\t\n\t\t>\n<div class=\"siteorigin-widget-tinymce textwidget\">\n\t<h4>RODRIGO ASTUDILLO GUEVARA<\/h4>\n<p>Abogado. Licenciado en Derecho de la Pontificia Universidad Cat\u00f3lica de Chile (2019).<\/p>\n<p>Diplomado en Derecho Penal Econ\u00f3mico y de la Empresa de la Universidad de Chile (2020).<\/p>\n<p>Diplomado en Los Derechos de los Ni\u00f1os, Ni\u00f1as y Adolescentes, V\u00edctimas de Delitos Sexuales y el Sistema Judicial de la Pontificia Universidad Cat\u00f3lica de Chile (2023).<\/p>\n<p>Diplomado en Derecho Corporativo y Compliance de la Universidad de Los Andes (2024-2025).<\/p>\n<p>Sus \u00e1reas de pr\u00e1cticas profesional son derecho penal y derecho de familia.<\/p>\n<p>Cuenta con cursos de especializaci\u00f3n en Responsabilidad civil de las empresas y Derecho del consumidor por la Universidad de Los Andes (2024), Derecho Penal y Derecho Procesal Penal por la Pontificia Universidad Cat\u00f3lica de Valpara\u00edso (2020), en Derecho Penal Internacional por la Case Western Reserve University (2020) y en Libre Competencia por la Pontificia Universidad Cat\u00f3lica de Chile (2019).<\/p>\n<p>Previamente se desempe\u00f1\u00f3 como procurador de asuntos penales en el Estudio Jur\u00eddico Bofill Escobar Silva Abogados, y realiz\u00f3 diversas pr\u00e1cticas en el Ministerio P\u00fablico y en la Defensor\u00eda Penal P\u00fablica.<\/p>\n<p>Fue ayudante de los Departamentos de Ciencias Penales (2021) y Derecho Internacional (2017-2018) de la Pontificia Universidad Cat\u00f3lica de Chile.<\/p>\n<p>Cuenta con examen de habilitaci\u00f3n t\u00e9cnica aprobado por la Defensor\u00eda Penal P\u00fablica (2021)<\/p>\n<p>&nbsp;<\/p>\n<p>&nbsp;<\/p>\n<\/div>\n<\/div><\/div><\/div><div id=\"panel-468-0-1-1\" class=\"so-panel widget widget_sow-button panel-last-child\" data-index=\"2\" ><div style=\"text-align: left;\" data-title-color=\"#443f3f\" data-headings-color=\"#443f3f\" class=\"panel-widget-style panel-widget-style-for-468-0-1-1\" ><div\n\t\t\t\n\t\t\tclass=\"so-widget-sow-button so-widget-sow-button-wire-205c024dd60d-468\"\n\t\t\t\n\t\t><div class=\"ow-button-base ow-button-align-left\">\n\t<a href=\"https:\/\/www.horvitz.cl\/\" class=\"ow-icon-placement-top ow-button-hover\" \t\t>\n\t\t<span>\n\t\t\t\n\t\t\tVOLVER A LA P\u00c1GINA DE INICIO\t\t<\/span>\n\t<\/a>\n<\/div>\n<\/div><\/div><\/div><\/div><\/div><\/div><\/div>","protected":false},"excerpt":{"rendered":"<p>RODRIGO ASTUDILLO GUEVARA Abogado. Licenciado en Derecho de la Pontificia Universidad Cat\u00f3lica [&hellip;]<\/p>\n","protected":false},"author":2,"featured_media":1079,"parent":0,"menu_order":0,"comment_status":"closed","ping_status":"closed","template":"page-templates\/page_front-page.php","meta":[],"_links":{"self":[{"href":"https:\/\/www.horvitz.cl\/index.php?rest_route=\/wp\/v2\/pages\/468"}],"collection":[{"href":"https:\/\/www.horvitz.cl\/index.php?rest_route=\/wp\/v2\/pages"}],"about":[{"href":"https:\/\/www.horvitz.cl\/index.php?rest_route=\/wp\/v2\/types\/page"}],"author":[{"embeddable":true,"href":"https:\/\/www.horvitz.cl\/index.php?rest_route=\/wp\/v2\/users\/2"}],"replies":[{"embeddable":true,"href":"https:\/\/www.horvitz.cl\/index.php?rest_route=%2Fwp%2Fv2%2Fcomments&post=468"}],"version-history":[{"count":21,"href":"https:\/\/www.horvitz.cl\/index.php?rest_route=\/wp\/v2\/pages\/468\/revisions"}],"predecessor-version":[{"id":1298,"href":"https:\/\/www.horvitz.cl\/index.php?rest_route=\/wp\/v2\/pages\/468\/revisions\/1298"}],"wp:featuredmedia":[{"embeddable":true,"href":"https:\/\/www.horvitz.cl\/index.php?rest_route=\/wp\/v2\/media\/1079"}],"wp:attachment":[{"href":"https:\/\/www.horvitz.cl\/index.php?rest_route=%2Fwp%2Fv2%2Fmedia&parent=468"}],"curies":[{"name":"wp","href":"https:\/\/api.w.org\/{rel}","templated":true}]}}